{"id":2085,"date":"2020-11-30T20:41:30","date_gmt":"2020-11-30T19:41:30","guid":{"rendered":"http:\/\/www.tenisklubolimpija.si\/?page_id=2085"},"modified":"2020-11-30T21:42:36","modified_gmt":"2020-11-30T20:42:36","slug":"alenka-matko-juvancic","status":"publish","type":"page","link":"http:\/\/www.tenisklubolimpija.si\/en\/alenka-matko-juvancic\/","title":{"rendered":"Alenka Matko Juvan\u010di\u010d"},"content":{"rendered":"<p>[vc_row css=&#8221;.vc_custom_1606765963945{padding-top: 30px !important;padding-bottom: 30px !important;}&#8221;][vc_column width=&#8221;1\/2&#8243;]<div class=\"promo-block  \"><h3>Alenka Matko Juvan\u010di\u010d<\/h3><p><\/p>\r\n              <\/div>[vc_column_text]O Alenki bo za uvod najve\u010d povedal zapis ene od mam:<\/p>\n<p>&#8220;Draga Alenka. Saj ve\u0161, ne poznamo se \u0161e dolgo, a nekatere ljudi pa\u010d za\u010duti\u0161&#8230; Ravno sem mo\u017eu rekla, da mi je neverjetno, kako ima lahko en \u010dlovek v sebi toliko ljubezni in so\u010dutja do drugih. Opazovala sem te kako vsakega otroka pozdravi\u0161, se ga dotakne\u0161, ga pobo\u017ea\u0161, poheca\u0161, ga opazi\u0161&#8230;kaj ve\u010d si lahko damo kot pozornost da smo tam. Jaz tega v sebi nimam, a se u\u010dim od tebe. Hvala da si v tem moja &#8220;tur\u0161ica:)&#8221;.<\/p>\n<p>Alenka je del TKOekipe od leta 1999. Deklica za vse. Stoji za skoraj vsemi sporo\u010dili star\u0161em, pozna vse in nikogar ne spregleda. Zaveda se, da vsakdo potrebuje\u00a0 svoj pristop.<\/p>\n<p>Poskrbi, da vsi lahko pridejo na trening in mnoge od njih tudi sama prepelje. Veseli se uspehov, obri\u0161e solze in obve\u017ee rane. Ni\u010d ji ni te\u017eko.<\/p>\n<p>Uspe\u0161na je na podro\u010dju sodelovanja v evropskih projektih \u2013 EACEA, Erasmus+, kjer v imenu TKO sodeluje z razli\u010dnimi evropskimi univerzami in drugimi imenitnimi partnerji s katerimi razvija nove metode zdravega na\u010dina razvoja mladih.<\/p>\n<p>Najbolj u\u017eiva v \u010dasu poletnih po\u010ditnic, ko organizira po\u010ditni\u0161ke tabore. Takrat veliko u\u010di na igri\u0161\u010du, bere pravljice, otroke vozi na izlete, ter jih spoznava z lepotami narave. Rada ima vse, \u010deprav dostikrat pove, da so ji \u00bbta poredni\u00ab \u0161e posebej pri srcu.<\/p>\n<p>Njeni glavni vrednoti sta na\u010delost in solidarnost.[\/vc_column_text][\/vc_column][vc_column width=&#8221;1\/2&#8243;][vc_column_text][\/vc_column_text][vc_single_image image=&#8221;2053&#8243; img_size=&#8221;large&#8221;][\/vc_column][\/vc_row]<\/p>\n","protected":false},"excerpt":{"rendered":"<p>[vc_row css=&#8221;.vc_custom_1606765963945{padding-top: 30px !important;padding-bottom: 30px !important;}&#8221;][vc_column width=&#8221;1\/2&#8243;][vc_column_text]O Alenki bo za uvod najve\u010d povedal zapis ene od mam: &#8220;Draga Alenka. Saj ve\u0161, ne poznamo se \u0161e dolgo, a nekatere ljudi pa\u010d za\u010duti\u0161&#8230; Ravno sem mo\u017eu rekla, da mi je neverjetno, kako ima lahko en \u010dlovek v sebi toliko ljubezni in so\u010dutja do drugih. Opazovala sem te&#8230;<\/p>\n","protected":false},"author":1,"featured_media":2038,"parent":0,"menu_order":0,"comment_status":"closed","ping_status":"closed","template":"visual-composer.php","meta":[],"translation":{"provider":"WPGlobus","version":"2.12.2","language":"en","enabled_languages":["si","en"],"languages":{"si":{"title":true,"content":true,"excerpt":false},"en":{"title":false,"content":false,"excerpt":false}}},"_links":{"self":[{"href":"http:\/\/www.tenisklubolimpija.si\/en\/wp-json\/wp\/v2\/pages\/2085"}],"collection":[{"href":"http:\/\/www.tenisklubolimpija.si\/en\/wp-json\/wp\/v2\/pages"}],"about":[{"href":"http:\/\/www.tenisklubolimpija.si\/en\/wp-json\/wp\/v2\/types\/page"}],"author":[{"embeddable":true,"href":"http:\/\/www.tenisklubolimpija.si\/en\/wp-json\/wp\/v2\/users\/1"}],"replies":[{"embeddable":true,"href":"http:\/\/www.tenisklubolimpija.si\/en\/wp-json\/wp\/v2\/comments?post=2085"}],"version-history":[{"count":7,"href":"http:\/\/www.tenisklubolimpija.si\/en\/wp-json\/wp\/v2\/pages\/2085\/revisions"}],"predecessor-version":[{"id":2093,"href":"http:\/\/www.tenisklubolimpija.si\/en\/wp-json\/wp\/v2\/pages\/2085\/revisions\/2093"}],"wp:featuredmedia":[{"embeddable":true,"href":"http:\/\/www.tenisklubolimpija.si\/en\/wp-json\/wp\/v2\/media\/2038"}],"wp:attachment":[{"href":"http:\/\/www.tenisklubolimpija.si\/en\/wp-json\/wp\/v2\/media?parent=2085"}],"curies":[{"name":"wp","href":"https:\/\/api.w.org\/{rel}","templated":true}]}}