{"id":2232,"date":"2020-12-01T21:12:41","date_gmt":"2020-12-01T20:12:41","guid":{"rendered":"http:\/\/www.tenisklubolimpija.si\/?page_id=2232"},"modified":"2026-03-30T10:00:36","modified_gmt":"2026-03-30T08:00:36","slug":"tradacija-je-na-nasi-strani","status":"publish","type":"page","link":"http:\/\/www.tenisklubolimpija.si\/en\/tradacija-je-na-nasi-strani\/","title":{"rendered":"Tenis klub Olimpija"},"content":{"rendered":"\t\t<div data-elementor-type=\"wp-page\" data-elementor-id=\"2232\" class=\"elementor elementor-2232\">\n\t\t\t\t\t\t<div class=\"elementor-inner\">\n\t\t\t\t<div class=\"elementor-section-wrap\">\n\t\t\t\t\t\t\t\t\t<section class=\"elementor-section elementor-top-section elementor-element elementor-element-3c77d439 elementor-section-boxed elementor-section-height-default elementor-section-height-default\" data-id=\"3c77d439\" data-element_type=\"section\">\n\t\t\t\t\t\t<div class=\"elementor-container elementor-column-gap-default\">\n\t\t\t\t\t\t\t<div class=\"elementor-row\">\n\t\t\t\t\t<div class=\"elementor-column elementor-col-100 elementor-top-column elementor-element elementor-element-1018b5d9\" data-id=\"1018b5d9\" data-element_type=\"column\">\n\t\t\t<div class=\"elementor-column-wrap elementor-element-populated\">\n\t\t\t\t\t\t\t<div class=\"elementor-widget-wrap\">\n\t\t\t\t\t\t<div class=\"elementor-element elementor-element-7276c362 elementor-widget elementor-widget-text-editor\" data-id=\"7276c362\" data-element_type=\"widget\" data-widget_type=\"text-editor.default\">\n\t\t\t\t<div class=\"elementor-widget-container\">\n\t\t\t\t\t\t\t\t<div class=\"elementor-text-editor elementor-clearfix\">\n\t\t\t\t<p>[vc_row][vc_column css=&#8221;.vc_custom_1606855009045{padding-bottom: 40px !important;}&#8221;][vc_column_text]<\/p><div class=\"wpb_text_column wpb_content_element \"><div class=\"wpb_wrapper\"><p><span style=\"color: #000000;\">Tenis klub Olimpija predstavlja enega izmed temeljev slovenskega tenisa. Kot eden najstarej\u0161ih in najuspe\u0161nej\u0161ih klubov v Sloveniji \u017ee desetletja soustvarja vrhunske \u0161portne zgodbe ter pomembno oblikuje razvoj tenisa \u2013 tako na tekmovalni kot rekreativni ravni.<\/span><\/p><p><span style=\"color: #000000;\">Skozi obdobje tranzicije iz Jugoslavije v samostojno Slovenijo je klub prestal \u0161tevilne izzive, a prav ti so izoblikovali njegovo identiteto: stabilnost, vztrajnost in neomajno predanost odli\u010dnosti. Danes TK Olimpija znova stoji v samem vrhu slovenskega tenisa \u2013 kot sinonim za kakovost, znanje in tradicijo.<\/span><\/p><p><span style=\"color: #000000;\">V obdobju samostojne Slovenije je klub bele\u017eil najve\u010dje \u0161tevilo registriranih tekmovalcev v dr\u017eavi, njegovi \u010dlani pa so osvojili ve\u010d kot 30 naslovov dr\u017eavnih prvakov v vseh starostnih kategorijah. Ti vrhunski dose\u017eki, ki segajo \u0161e v \u010das nekdanje Jugoslavije, potrjujejo izjemno kontinuiteto sistemati\u010dnega in strokovnega dela.<\/span><\/p><p><span style=\"color: #000000;\">TK Olimpija je bil odsko\u010dna deska \u0161tevilnim vrhunskim igralcem, med njimi Maji Matev\u017ei\u010d, Gregorju Kru\u0161i\u010du, Mihi Gregorcu, Tadeji Florjan\u010di\u010d, Ani \u0160kafar, \u0160peli Rajh ter \u0161tevilnim predstavnikom mlaj\u0161e generacije, kot so Bla\u017e Kav\u010di\u010d, Aljo\u0161a Nipi\u010d, Ga\u0161per Pavli, Peter Pevc, Gregor Horvat, Lukas Blagus Smonig, Peter Mo\u017eina, \u017diga Vidic, Dijana Baruk\u010di\u010d, Maja Gaspari, Romina Jarc in \u0160pela Bernik.<\/span><\/p><p><span style=\"color: #000000;\">Posebno mesto v zgodovini kluba zavzema Tina Obrez, ki je pod vodstvom na\u0161ega strokovnega tima dosegla 489. mesto na WTA lestvici ter leta 2005 popeljala \u017eensko ekipo Olimpije do naslova dr\u017eavnih prvakinj. Leto kasneje je ekipa dosegla izjemno 5. mesto na evropskem klubskem prvenstvu v Rennesu. Njeno pot danes nadaljuje njena h\u010di Brina, reprezentantka Slovenije, ki uspe\u0161no zdru\u017euje klubsko pripadnost in nastope na najvi\u0161ji ravni.<\/span><\/p><p><span style=\"color: #000000;\">Sodobni TK Olimpija zaznamuje nova generacija uspehov. Klub se pona\u0161a z eno najmo\u010dnej\u0161ih ekip v Sloveniji v kategorijah U12 in U14, aktualnim dr\u017eavnim prvakom Vidom Pu\u0161larjem ter izjemnim dose\u017ekom \u2013 tremi igralci med najbolj\u0161imi \u0161tirimi v dr\u017eavi v isti starostni kategoriji. Na\u0161i igralci redno dosegajo vidne rezultate tudi na mednarodnem prizori\u0161\u010du.<\/span><\/p><p><span style=\"color: #000000;\">Barve kluba zastopa tudi najvi\u0161je uvr\u0161\u010dena slovenska igralka na WTA lestvici, Veronika Erjavec, kar dodatno potrjuje, da TK Olimpija ostaja okolje, kjer vrhunski tenis ni izjema, temve\u010d standard.<\/span><\/p><p><span style=\"color: #000000;\">Poleg vrhunskega tekmovalnega programa klub razvija tudi dovr\u0161ene programe teni\u0161ke \u0161ole za otroke in odrasle. Treningi potekajo pod vodstvom izku\u0161enega in strokovno izpopolnjenega kadra ter zdru\u017eujejo najsodobnej\u0161e pristope, tehnolo\u0161ko podprto delo in individualiziran razvoj vsakega posameznika. Posebna vrednota kluba je sposobnost prepoznati potencial vsakega igralca ter mu omogo\u010diti optimalno \u0161portno pot \u2013 ne glede na ambicije.<\/span><\/p><p><span style=\"color: #000000;\">V ve\u010dernih programih za odrasle zdru\u017eujemo \u0161portno odli\u010dnost, dinami\u010dno igro in pristno dru\u017ebeno izku\u0161njo, ki presega zgolj tenis.<\/span><\/p><p><span style=\"color: #000000;\">Vizija Tenis kluba Olimpija temelji na celostnem razvoju posameznika.<\/span><br \/><span style=\"color: #000000;\">Na\u0161 slogan to jasno izra\u017ea:<\/span><br \/><span style=\"color: #000000;\">NE VZGAJAMO LE TENISA\u010cEV, PREDVSEM VZGAJAMO LJUDI.<\/span><\/p><p><span style=\"color: #000000;\">Zavezani smo oblikovanju osebnosti \u2013 predanih, na\u010delnih, delavnih, solidarnih in spo\u0161tljivih posameznikov. Verjamemo, da vrhunski rezultati izhajajo iz pravega odnosa, znanja in vrednot.<\/span><\/p><p><span style=\"color: #000000;\">Pri delu uporabljamo sodobne metodologije, ki so usklajene s fizi\u010dnim in socialnim razvojem posameznika. Vsakemu igralcu se posvetimo individualno, saj razumemo, da je prav osebni pristop klju\u010d do trajnostnega napredka in dolgoro\u010dnega uspeha.<\/span><\/p><p><strong><span style=\"color: #000000;\">Tenis klub Olimpija \u2013 tradicija uspeha, prihodnost slovenskega tenisa.<\/span><\/strong><\/p><p><img decoding=\"async\" loading=\"lazy\" class=\"alignnone size-medium wp-image-2056 alignright\" src=\"http:\/\/www.tenisklubolimpija.si\/wp-content\/uploads\/2020\/11\/TKOlogo-zelen-300x62.jpg\" alt=\"\" width=\"300\" height=\"62\" srcset=\"http:\/\/www.tenisklubolimpija.si\/wp-content\/uploads\/2020\/11\/TKOlogo-zelen-300x62.jpg 300w, http:\/\/www.tenisklubolimpija.si\/wp-content\/uploads\/2020\/11\/TKOlogo-zelen-1024x213.jpg 1024w, http:\/\/www.tenisklubolimpija.si\/wp-content\/uploads\/2020\/11\/TKOlogo-zelen-768x160.jpg 768w, http:\/\/www.tenisklubolimpija.si\/wp-content\/uploads\/2020\/11\/TKOlogo-zelen-680x141.jpg 680w, http:\/\/www.tenisklubolimpija.si\/wp-content\/uploads\/2020\/11\/TKOlogo-zelen.jpg 1043w\" sizes=\"(max-width: 300px) 100vw, 300px\" \/><\/p><\/div><\/div><p>[\/vc_column_text][\/vc_column][\/vc_row]<\/p>\t\t\t\t\t<\/div>\n\t\t\t\t\t\t<\/div>\n\t\t\t\t<\/div>\n\t\t\t\t\t\t<\/div>\n\t\t\t\t\t<\/div>\n\t\t<\/div>\n\t\t\t\t\t\t\t\t<\/div>\n\t\t\t\t\t<\/div>\n\t\t<\/section>\n\t\t\t\t\t\t\t\t\t<\/div>\n\t\t\t<\/div>\n\t\t\t\t\t<\/div>\n\t\t","protected":false},"excerpt":{"rendered":"<p>[vc_row][vc_column css=&#8221;.vc_custom_1606855009045{padding-bottom: 40px !important;}&#8221;][vc_column_text] Tenis klub Olimpija predstavlja enega izmed temeljev slovenskega tenisa. Kot eden najstarej\u0161ih in najuspe\u0161nej\u0161ih klubov v Sloveniji \u017ee desetletja soustvarja vrhunske \u0161portne zgodbe ter pomembno oblikuje razvoj tenisa \u2013 tako na tekmovalni kot rekreativni ravni. Skozi obdobje tranzicije iz Jugoslavije v samostojno Slovenijo je klub prestal \u0161tevilne izzive, a prav ti&#8230;<\/p>\n","protected":false},"author":1,"featured_media":2038,"parent":0,"menu_order":0,"comment_status":"closed","ping_status":"closed","template":"visual-composer.php","meta":[],"translation":{"provider":"WPGlobus","version":"2.12.2","language":"en","enabled_languages":["si","en"],"languages":{"si":{"title":true,"content":true,"excerpt":false},"en":{"title":false,"content":false,"excerpt":false}}},"_links":{"self":[{"href":"http:\/\/www.tenisklubolimpija.si\/en\/wp-json\/wp\/v2\/pages\/2232"}],"collection":[{"href":"http:\/\/www.tenisklubolimpija.si\/en\/wp-json\/wp\/v2\/pages"}],"about":[{"href":"http:\/\/www.tenisklubolimpija.si\/en\/wp-json\/wp\/v2\/types\/page"}],"author":[{"embeddable":true,"href":"http:\/\/www.tenisklubolimpija.si\/en\/wp-json\/wp\/v2\/users\/1"}],"replies":[{"embeddable":true,"href":"http:\/\/www.tenisklubolimpija.si\/en\/wp-json\/wp\/v2\/comments?post=2232"}],"version-history":[{"count":15,"href":"http:\/\/www.tenisklubolimpija.si\/en\/wp-json\/wp\/v2\/pages\/2232\/revisions"}],"predecessor-version":[{"id":2958,"href":"http:\/\/www.tenisklubolimpija.si\/en\/wp-json\/wp\/v2\/pages\/2232\/revisions\/2958"}],"wp:featuredmedia":[{"embeddable":true,"href":"http:\/\/www.tenisklubolimpija.si\/en\/wp-json\/wp\/v2\/media\/2038"}],"wp:attachment":[{"href":"http:\/\/www.tenisklubolimpija.si\/en\/wp-json\/wp\/v2\/media?parent=2232"}],"curies":[{"name":"wp","href":"https:\/\/api.w.org\/{rel}","templated":true}]}}