{"id":2239,"date":"2020-12-01T21:24:14","date_gmt":"2020-12-01T20:24:14","guid":{"rendered":"http:\/\/www.tenisklubolimpija.si\/?page_id=2239"},"modified":"2020-12-01T21:37:13","modified_gmt":"2020-12-01T20:37:13","slug":"zgodovina-tenis-klub-olimpija","status":"publish","type":"page","link":"http:\/\/www.tenisklubolimpija.si\/en\/zgodovina-tenis-klub-olimpija\/","title":{"rendered":"Zgodovina &#8211; Tenis Klub Olimpija"},"content":{"rendered":"<p>[vc_row css=&#8221;.vc_custom_1606855034341{padding-bottom: 40px !important;}&#8221;][vc_column][vc_column_text css=&#8221;.vc_custom_1606854429749{padding-top: 20px !important;}&#8221;]<\/p>\n<div class=\"contents\">\n<div id=\"content\" class=\"module-pages view-single\">\n<p>Ustanovitev nogometnega kluba Ilirija leta 1911 in ureditev prvega nogometnega igri\u0161\u010da nekje ob dana\u0161njem Jakopi\u010devem drevoredu predstavljata za\u010detek \u0161portne dejavnosti v Tivoliju.<\/p>\n<p>Prva svetovna vojna je sicer \u0161portne aktivnosti mo\u010dno upo\u010dasnila, so se pa ljudje zato toliko bolj aktivno lotili \u0161porta po koncu le te. Predvsem so \u017eeleli raz\u0161iriti \u0161portno dejavnost in mednje uvrstiti tudi teni\u0161ko sekcijo&#8230; Kot navaja klubska kronika so bili klubski teni\u0161ki za\u010detki leta 1920 skromni, primerni splo\u0161nim povojnim razmeram in klubskim financam. Tenisa\u010dem Ilirije je \u00bbs hvalevrednim razumevanjem \u0161la na roko&#8230; rodbina Kozler, ki jim je stavila svoje privatno teni\u0161\u010de na razpolago\u00ab. \u00bbTeni\u0161\u010de\u00ab je bilo pod Cekinovim gradom oz. \u00bbv Kozlarjevem vrtu\u00ab kot je razvidno iz ohranjene dokumentacije SK Ilirije in prilo\u017enostnih objev o tenisu v reviji Sport.<\/p>\n<p>Tamkaj\u0161nje tenis igri\u0161\u010de so Ilirjani obnovili in opremili za igranje. Konec maja, torej pred za\u010detkom sezone, je bilo treba igri\u0161\u010de \u00bbsamo \u0161e enkrat povaljati\u00ab, in dobiti mre\u017ee, za katere je bil \u00bbkredit \u017ee dovoljen\u00ab. Naslednji mesec je sledil sestanek tenisa\u010dev in konstituiranje teni\u0161ke sekcije ter napoved rednegfa igranja, kar se je tudi zgodilo. Na \u00bbteni\u0161\u010du v Kozlerjevem vrtu\u00ab je bil konec septembra, v okviru t.i. \u0161portnega tedna, organiziran tudi teni\u0161ki turnir. Turnir ni bil najbolje zaseden, vendar pa je, glede na dejstvo, da je bilo na razpolago le eno igri\u0161\u010de, \u00bb\u0161tevilo prijav zadostovalo\u00ab. \u00bbEdino hibo\u00ab igri\u0161\u010da so na\u0161li v bli\u017enjih drevesih, ki \u00bbob sol\u010dnih dneh nekoliko motijo razsvetljavo\u00ab. Kritika je zalegla in \u017ee v februarju naslednjega leta so na eni od sej upravnega odbora razpravljali o \u00bbkreditu\u00ab tenis sekciji, ki bi ga porabila \u00bbza odsekavanje drevesnih vej, za valjar\u00ab idr.<\/p>\n<p>U\u010dinek turnirja je bil po \u0161portni plati relativno majhen, zato pa je imel precej\u0161en propagandni uspeh in zanimanje za \u00bbgosposki \u0161port\u00ab se je pove\u010dalo. Da bi v Iliriji zadostili povpra\u0161evanju bi morali urediti nova igri\u0161\u010da, kar je tudi bila \u017eelja Ilirije, ki pa se v letu 1921 \u0161e ni mogla izvr\u0161iti. To leto se je morala sekcija omejiti na zagotovitev garderobe za igralce in vzdr\u017eevanje obstoje\u010dega igri\u0161\u010da.<\/p>\n<p>Ureditev novih teni\u0161kih igri\u0161\u010d je potekala tekom leta 1922. le \u2013 ta so bila urejena na travniku nad starim Kozlarjevim igri\u0161\u010dem. Nov teni\u0161ki kompleks, ki so ga sestavljala tri nova teni\u0161ka igri\u0161\u010da in starej\u0161e igri\u0161\u010de Kozlerjev, so slavnostno odprli spomladi 1923 s turnirjem med Ilirijo in zagreb\u0161kim HA\u0160K-om.<\/p>\n<p>Teni\u0161ka pridobitev se je odrazila tudi v nara\u0161\u010danju sekcijskega \u010dlanstva. V letu 1927 jih je bilo 107 in so se delili na \u00bbdru\u017eabne\u00ab in \u00bbtekmovalne\u00ab tenisa\u010de. Delitev se je ohranila precej \u010desa, medtem ko je samo \u0161pevilo igralcev nihalo.<\/p>\n<p>V letu 1930 je bilo na vrsti \u0161irjenje prostora na travniku pod Cekinovim gradom. Raz\u0161irjen prostor je omogo\u010div ureditev novih teni\u0161kih igri\u0161\u010d in ve\u010djo ponudbo, hkrati pa se je uredilo ve\u010dje drsali\u0161\u010de in uvedba novega \u0161porta oz. \u0161portne igre: hokej na ledu. Kaj je bilo v prvem planu, ali tr\u017eenje igri\u0161\u010d ali uvajanje novega \u0161porta je bolj ali manj nepomembno. Ker je bil prostor ve\u010dnamenski, sta se ekonomski in \u0161portni vidik prepletala v dobro kluba.<\/p>\n<p>Vse do leta 1941 je bil tenis, kot tudi ostale \u0161portne panoge v Tivoliju v vzponu. Svet pa je bil \u017ee v vojni, ki je kmalu zajela tudi na\u0161e kraje in oddaljila \u0161portno dejavnost. Med ljubljanskimi tekmovanji v letih 1942 \u2013 1945 se ne omenja drsanja, tenisa ali hokeja, niti Ilirije.<\/p>\n<p>Potem pa je pri\u0161la nova oblast in novi \u010dasi, Cekinov grad je bil podr\u017eavljen, Kozlerjev in Ilirije ni bilo ve\u010d, \u0161port je postal fizkultura in klubi fizkulturna dru\u0161tva. A \u0161port je \u0161port, najsi bo to del telesne vzgoje v Kraljevini ali fizkulture in pozneje telesne kulture v Republiki, in \u00bbstari\u00ab \u0161portniki na \u00bbstarih\u00ab igri\u0161\u010dih obnavljajo drsalno, hokejsko in teni\u0161ko dejavnost. Svoje delovanje so formalizirali najprej v Udarniku, nato Triglavu in Enotnosti, dokler niso v letu 1948 drsalci, kotalkarji , hokejisti in tenisa\u010di ustanovili \u0160portno dru\u0161tvo Ljubljana. V letu 1953 se je dru\u0161tvo decentraliziralo v samostojne klube posameznih \u0161portov. Skupna je bila le uprava \u0161portnih prostorov, le \u2013 ti pa so bili predvojna tenisi\u0161\u010da oz. drsali\u0161\u010da.<\/p>\n<p>Posestvo Cekinov grad je bilo z mestnim odlokom \u017ee pred drugo vojno uvr\u0161\u010deno v ljubljanski \u00bbza\u0161\u010ditni pas, ki se ne sme ne zazidavati in ne naseljevati\u00ab, po prej omenjenem regulacijskem programu, pa je bil \u00bbkompleks Cekinovega gradu\u00abrezerviran \u00bbza javne ustanove\u00ab.<\/p>\n<p>Po letu 1957 naj bi sklop igri\u0161\u010d na desni strani poti proti Cekinovem gradu re\u0161eval probleme vrhunskega \u0161porta, zlasti ko\u0161arke in drsalnih \u0161portov. Tenisa\u010di bi zamenjali lokacijo in se pomaknili proti vzno\u017eju gradu, ker naj bi stara Ilirijina tenisi\u0161\u010da preuredili v parkirne prostore. S tem naj bi bilo poskrbljeno tudi za morebitni ve\u010dji obisk teni\u0161kih prireditev, saj naj bi se nad igri\u0161\u010dem dvigala tribuna, le\u017ee\u010da ob vzno\u017eju zgornje terase.<\/p>\n<p>\u0160portni park (140.000m2) je imel tako leta 1961 naslednjo vsebino: dve igri\u0161\u010di za ko\u0161arko, rokometno igri\u0161\u010de, odbojkarsko igri\u0161\u010de, nogometno igri\u0161\u010de s \u0161tirimi teka\u0161kimi stezami, tri balinarske steze, dve koptalkali\u0161\u010di, osem teni\u0161kih igri\u0161\u010d in otro\u0161ko igri\u0161\u010de.<\/p>\n<p>Teni\u0161ka igri\u0161\u010da so bila tako leta 1967 zgrajena na novi lokaciji ter kasneje raz\u0161irjena, tako da jih je sedaj skupaj 11.<\/p>\n<\/div>\n<\/div>\n<div class=\"footer\">\n<div class=\"logos\"><img decoding=\"async\" loading=\"lazy\" class=\"alignnone size-medium wp-image-2056 alignright\" src=\"http:\/\/www.tenisklubolimpija.si\/wp-content\/uploads\/2020\/11\/TKOlogo-zelen-300x62.jpg\" alt=\"\" width=\"300\" height=\"62\" srcset=\"http:\/\/www.tenisklubolimpija.si\/wp-content\/uploads\/2020\/11\/TKOlogo-zelen-300x62.jpg 300w, http:\/\/www.tenisklubolimpija.si\/wp-content\/uploads\/2020\/11\/TKOlogo-zelen-1024x213.jpg 1024w, http:\/\/www.tenisklubolimpija.si\/wp-content\/uploads\/2020\/11\/TKOlogo-zelen-768x160.jpg 768w, http:\/\/www.tenisklubolimpija.si\/wp-content\/uploads\/2020\/11\/TKOlogo-zelen-680x141.jpg 680w, http:\/\/www.tenisklubolimpija.si\/wp-content\/uploads\/2020\/11\/TKOlogo-zelen.jpg 1043w\" sizes=\"(max-width: 300px) 100vw, 300px\" \/><\/div>\n<\/div>\n<p>[\/vc_column_text][\/vc_column][\/vc_row]<\/p>\n","protected":false},"excerpt":{"rendered":"<p>[vc_row css=&#8221;.vc_custom_1606855034341{padding-bottom: 40px !important;}&#8221;][vc_column][vc_column_text css=&#8221;.vc_custom_1606854429749{padding-top: 20px !important;}&#8221;] Ustanovitev nogometnega kluba Ilirija leta 1911 in ureditev prvega nogometnega igri\u0161\u010da nekje ob dana\u0161njem Jakopi\u010devem drevoredu predstavljata za\u010detek \u0161portne dejavnosti v Tivoliju. Prva svetovna vojna je sicer \u0161portne aktivnosti mo\u010dno upo\u010dasnila, so se pa ljudje zato toliko bolj aktivno lotili \u0161porta po koncu le te. Predvsem so \u017eeleli&#8230;<\/p>\n","protected":false},"author":1,"featured_media":2038,"parent":0,"menu_order":0,"comment_status":"closed","ping_status":"closed","template":"visual-composer.php","meta":[],"translation":{"provider":"WPGlobus","version":"2.12.2","language":"en","enabled_languages":["si","en"],"languages":{"si":{"title":true,"content":true,"excerpt":false},"en":{"title":false,"content":false,"excerpt":false}}},"_links":{"self":[{"href":"http:\/\/www.tenisklubolimpija.si\/en\/wp-json\/wp\/v2\/pages\/2239"}],"collection":[{"href":"http:\/\/www.tenisklubolimpija.si\/en\/wp-json\/wp\/v2\/pages"}],"about":[{"href":"http:\/\/www.tenisklubolimpija.si\/en\/wp-json\/wp\/v2\/types\/page"}],"author":[{"embeddable":true,"href":"http:\/\/www.tenisklubolimpija.si\/en\/wp-json\/wp\/v2\/users\/1"}],"replies":[{"embeddable":true,"href":"http:\/\/www.tenisklubolimpija.si\/en\/wp-json\/wp\/v2\/comments?post=2239"}],"version-history":[{"count":5,"href":"http:\/\/www.tenisklubolimpija.si\/en\/wp-json\/wp\/v2\/pages\/2239\/revisions"}],"predecessor-version":[{"id":2251,"href":"http:\/\/www.tenisklubolimpija.si\/en\/wp-json\/wp\/v2\/pages\/2239\/revisions\/2251"}],"wp:featuredmedia":[{"embeddable":true,"href":"http:\/\/www.tenisklubolimpija.si\/en\/wp-json\/wp\/v2\/media\/2038"}],"wp:attachment":[{"href":"http:\/\/www.tenisklubolimpija.si\/en\/wp-json\/wp\/v2\/media?parent=2239"}],"curies":[{"name":"wp","href":"https:\/\/api.w.org\/{rel}","templated":true}]}}