{"id":2269,"date":"2020-12-10T13:49:58","date_gmt":"2020-12-10T12:49:58","guid":{"rendered":"http:\/\/www.tenisklubolimpija.si\/?page_id=2269"},"modified":"2020-12-10T13:56:40","modified_gmt":"2020-12-10T12:56:40","slug":"jernej-krzic","status":"publish","type":"page","link":"http:\/\/www.tenisklubolimpija.si\/en\/jernej-krzic\/","title":{"rendered":"Jernej Kr\u017ei\u010d"},"content":{"rendered":"<p>[vc_row css=&#8221;.vc_custom_1606765963945{padding-top: 30px !important;padding-bottom: 30px !important;}&#8221;][vc_column width=&#8221;1\/2&#8243;]<div class=\"promo-block  \"><h3>Jernej Kr\u017ei\u010d<\/h3><p><\/p>\r\n              <\/div>[vc_column_text]Jernej, Jerry, \u0110eri, Jeri.<\/p>\n<p>Jernej je na\u0161! \u017de kot otrok je\u00a0 z bratom Andra\u017eem redno prihajal na treninge na Olimpijo. Takrat smo trenirali \u0161e v \u0160entvidu. Za razliko od brata je bil\u00a0 rahlo srame\u017eljiv zato si nismo niti predstavljali, da je stkal tako mo\u010dno vez s tenisom.<\/p>\n<p>Razpet med glasbeno umetnostjo in \u0161portom je razvil dva poklica, katera odli\u010dno in predano opravlja.<br \/>\nSvojo trenersko pot je za\u010del pred pribli\u017eno 7 leti. V tem \u010dasu\u00a0 se je imel sre\u010do obdati z igralci in trenerji, s katerimi sodeluje \u0161e danes. Dela usmerjeno in poglobljeno. Jerry ni trener tiste sorte, ki vse ve&#8230;. Jerry je neustavljiv u\u010denec, \u017eeljan znanja ki bo ve\u010dno srkal in iskal re\u0161itve.<\/p>\n<p>Njegov cilj je, da otroci spoznajo tenis ne samo kot rekreacijo ali pa tekmovanje, ampak tudi kot na\u010din za spoprijemanje se s problemi, kontroliranje svojih \u010dustev in telesa.<\/p>\n<p>Tenis je \u017eivljenska igra in odli\u010dna popotnica za vse stvari, s katerimi se bodo na\u0161i otroci morali spoprijeti v \u017eivljenju.<\/p>\n<p>Trener tenisa C.[\/vc_column_text][\/vc_column][vc_column width=&#8221;1\/2&#8243;][vc_column_text][\/vc_column_text][vc_single_image image=&#8221;2068&#8243; img_size=&#8221;large&#8221;][\/vc_column][\/vc_row]<\/p>\n","protected":false},"excerpt":{"rendered":"<p>[vc_row css=&#8221;.vc_custom_1606765963945{padding-top: 30px !important;padding-bottom: 30px !important;}&#8221;][vc_column width=&#8221;1\/2&#8243;][vc_column_text]Jernej, Jerry, \u0110eri, Jeri. Jernej je na\u0161! \u017de kot otrok je\u00a0 z bratom Andra\u017eem redno prihajal na treninge na Olimpijo. Takrat smo trenirali \u0161e v \u0160entvidu. Za razliko od brata je bil\u00a0 rahlo srame\u017eljiv zato si nismo niti predstavljali, da je stkal tako mo\u010dno vez s tenisom. Razpet med&#8230;<\/p>\n","protected":false},"author":1,"featured_media":2038,"parent":0,"menu_order":0,"comment_status":"closed","ping_status":"closed","template":"visual-composer.php","meta":[],"translation":{"provider":"WPGlobus","version":"2.12.2","language":"en","enabled_languages":["si","en"],"languages":{"si":{"title":true,"content":true,"excerpt":false},"en":{"title":false,"content":false,"excerpt":false}}},"_links":{"self":[{"href":"http:\/\/www.tenisklubolimpija.si\/en\/wp-json\/wp\/v2\/pages\/2269"}],"collection":[{"href":"http:\/\/www.tenisklubolimpija.si\/en\/wp-json\/wp\/v2\/pages"}],"about":[{"href":"http:\/\/www.tenisklubolimpija.si\/en\/wp-json\/wp\/v2\/types\/page"}],"author":[{"embeddable":true,"href":"http:\/\/www.tenisklubolimpija.si\/en\/wp-json\/wp\/v2\/users\/1"}],"replies":[{"embeddable":true,"href":"http:\/\/www.tenisklubolimpija.si\/en\/wp-json\/wp\/v2\/comments?post=2269"}],"version-history":[{"count":4,"href":"http:\/\/www.tenisklubolimpija.si\/en\/wp-json\/wp\/v2\/pages\/2269\/revisions"}],"predecessor-version":[{"id":2273,"href":"http:\/\/www.tenisklubolimpija.si\/en\/wp-json\/wp\/v2\/pages\/2269\/revisions\/2273"}],"wp:featuredmedia":[{"embeddable":true,"href":"http:\/\/www.tenisklubolimpija.si\/en\/wp-json\/wp\/v2\/media\/2038"}],"wp:attachment":[{"href":"http:\/\/www.tenisklubolimpija.si\/en\/wp-json\/wp\/v2\/media?parent=2269"}],"curies":[{"name":"wp","href":"https:\/\/api.w.org\/{rel}","templated":true}]}}