{"id":2298,"date":"2020-12-10T14:17:58","date_gmt":"2020-12-10T13:17:58","guid":{"rendered":"http:\/\/www.tenisklubolimpija.si\/?page_id=2298"},"modified":"2021-04-19T11:20:08","modified_gmt":"2021-04-19T09:20:08","slug":"simon-potokar","status":"publish","type":"page","link":"http:\/\/www.tenisklubolimpija.si\/en\/simon-potokar\/","title":{"rendered":"Simon Potokar"},"content":{"rendered":"<p>[vc_row css=&#8221;.vc_custom_1606765963945{padding-top: 30px !important;padding-bottom: 30px !important;}&#8221;][vc_column width=&#8221;1\/2&#8243;]<div class=\"promo-block  \"><h3>Simon Potokar<\/h3><p><\/p>\r\n              <\/div>[vc_column_text]<em>D<\/em>iplomiran kineziolog s fakultete za \u0161port.<\/p>\n<p>Simon je bil tudi sam na\u0161 tenisa\u010d. Lojalen in predan Olimpiji, ter svojemu biv\u0161emu trenerju Gregorju, do katerega goji visoko spo\u0161tovanje. Dobro pozna metode in vrednote kluba. Kot marljivemu, strogo motiviranemu \u0161tudentu Faklultete za \u0161port mu je bila \u017ee v 3. letniku zaupana vloga kondicijskega trenerja. Marljivo in usmerjeno je razivjal specijalno motoriko in kondicijo ve\u010d kot 50im tenisa\u010dem razli\u010dnih kategorij. Z otroki razvije zaupanje, zato z motivacijo nimajo te\u017eav. Vedno najde ravnovesje med trdim delom in zabavo.<\/p>\n<p>\u010ceprav ga je profesija odnesla v baletne vode, bo za vedno ostal tudi na\u0161.<\/p>\n<p>Kot kineziolog deluje v SNG Opera in balet Ljubljana, kjer skupaj s\u00a0fizioterapevtko skrbi za rehabilitacijo ter preventivno in kondicijsko\u00a0vadbo profesionalnih\u00a0baletnih plesalcev.<\/p>\n<p>Sodeluje s\u00a0priznano \u0161portno fizioterapavetko\u00a0s katero re\u0161ujeta te\u017eave z gibalnim aparatom tako vrhunskim in amaterskim \u0161portnikom,\u00a0 kot zagrizenim rekreativcem.<\/p>\n<p>Dejaven je tudi na rekreativnem podro\u010dju. V obliki osebnega trenerstva sodeluje tako z za\u010detniki kot z izku\u0161enimi \u0161portnimi rekreativci, ki se nanj obra\u010dajo iz razli\u010dnih razlogov &#8211; rehabilitacija, kondicijska priprava, huj\u0161anje &#8230;[\/vc_column_text][\/vc_column][vc_column width=&#8221;1\/2&#8243;][vc_column_text][\/vc_column_text][vc_single_image image=&#8221;2276&#8243; img_size=&#8221;large&#8221;][\/vc_column][\/vc_row]<\/p>\n","protected":false},"excerpt":{"rendered":"<p>[vc_row css=&#8221;.vc_custom_1606765963945{padding-top: 30px !important;padding-bottom: 30px !important;}&#8221;][vc_column width=&#8221;1\/2&#8243;][vc_column_text]Diplomiran kineziolog s fakultete za \u0161port. Simon je bil tudi sam na\u0161 tenisa\u010d. Lojalen in predan Olimpiji, ter svojemu biv\u0161emu trenerju Gregorju, do katerega goji visoko spo\u0161tovanje. Dobro pozna metode in vrednote kluba. Kot marljivemu, strogo motiviranemu \u0161tudentu Faklultete za \u0161port mu je bila \u017ee v 3. letniku zaupana&#8230;<\/p>\n","protected":false},"author":1,"featured_media":0,"parent":0,"menu_order":0,"comment_status":"closed","ping_status":"closed","template":"visual-composer.php","meta":[],"translation":{"provider":"WPGlobus","version":"2.12.2","language":"en","enabled_languages":["si","en"],"languages":{"si":{"title":true,"content":true,"excerpt":false},"en":{"title":false,"content":false,"excerpt":false}}},"_links":{"self":[{"href":"http:\/\/www.tenisklubolimpija.si\/en\/wp-json\/wp\/v2\/pages\/2298"}],"collection":[{"href":"http:\/\/www.tenisklubolimpija.si\/en\/wp-json\/wp\/v2\/pages"}],"about":[{"href":"http:\/\/www.tenisklubolimpija.si\/en\/wp-json\/wp\/v2\/types\/page"}],"author":[{"embeddable":true,"href":"http:\/\/www.tenisklubolimpija.si\/en\/wp-json\/wp\/v2\/users\/1"}],"replies":[{"embeddable":true,"href":"http:\/\/www.tenisklubolimpija.si\/en\/wp-json\/wp\/v2\/comments?post=2298"}],"version-history":[{"count":5,"href":"http:\/\/www.tenisklubolimpija.si\/en\/wp-json\/wp\/v2\/pages\/2298\/revisions"}],"predecessor-version":[{"id":2337,"href":"http:\/\/www.tenisklubolimpija.si\/en\/wp-json\/wp\/v2\/pages\/2298\/revisions\/2337"}],"wp:attachment":[{"href":"http:\/\/www.tenisklubolimpija.si\/en\/wp-json\/wp\/v2\/media?parent=2298"}],"curies":[{"name":"wp","href":"https:\/\/api.w.org\/{rel}","templated":true}]}}