{"id":2303,"date":"2020-12-10T14:21:45","date_gmt":"2020-12-10T13:21:45","guid":{"rendered":"http:\/\/www.tenisklubolimpija.si\/?page_id=2303"},"modified":"2025-06-24T21:19:30","modified_gmt":"2025-06-24T19:19:30","slug":"trenerji","status":"publish","type":"page","link":"http:\/\/www.tenisklubolimpija.si\/en\/trenerji\/","title":{"rendered":"Trenerji"},"content":{"rendered":"<p>[vc_row css=&#8221;.vc_custom_1607607835147{padding-top: 40px !important;}&#8221;][vc_column width=&#8221;1\/2&#8243;][vc_single_image image=&#8221;2066&#8243; img_size=&#8221;large&#8221; css_animation=&#8221;slideInLeft&#8221; title=&#8221;Gregor Matko&#8221;][\/vc_column][vc_column width=&#8221;1\/2&#8243; css=&#8221;.vc_custom_1607607901848{padding-top: 80px !important;}&#8221;][vc_column_text css_animation=&#8221;slideInRight&#8221;]Licence: TZS TO Level A, PTR Professional, GPTCA Level B<\/p>\n<p>S trenerskim delom je kot \u0161tudent Fakultete za \u0161port za\u010del v klubu V Teni\u0161ki akademiji Bomba\u010d leta 1992, natan\u010dneje kot kondicijski trener Petre Rampre. S Petro je spoznal kaj pomeni trdo trenirati, kaj pomeni odrekanje in profesionalizem.<\/p>\n<p>V Tenis klubu Olimpija se je zaposlil leta 1995, ravno v obdobju tranzicije, ko je Slovenija vzpostavljala svoj sistem financiranja \u0161porta in opu\u0161\u010dala jugoslovanskega. \u00a0Leta 1998 je prevzel mesto glavnega trenerja in klubskih programov. Z modernimi pristopi je uspel ohraniti klub, ki mu je, kot mnogim drugim dru\u0161tvom \u017ee grozila ukinitev. Lojalen in prizadeven je ostal \u0161e v vseh kasnej\u0161ih \u00bbbitkah\u00ab.<\/p>\n<p>Pod njegovim okriljem so posamezniki in klubske ekipe v razli\u010dnih kategorijah dosegali odmevne rezultate v slovenskem prostoru tako med posamezniki kot ekipno. Najuspe\u0161nej\u0161a med njimi je bila Tina Obrez (poro\u010dena Bohori\u010d), ki je zastopala barve slovenske reprezentance v vseh kategorijah. Leta 2005 je dosegla najvi\u0161jo uvrstitev na lestvici WTA, 489. mesto. Trenutno je trener klubskih igralcev v kategoriji do 14 let, ki igrajo vidno vlogo na dr\u017eavnem nivoju.<\/p>\n<p>Njegov odnos do otrok in njihovih star\u0161ev je umirjen in preudaren. Nikoli ne obljublja \u010dude\u017eev, a se vedno trudi ustvariti prese\u017eek. Mnogi \u017ee odrasli njegovi tenisa\u010di ga ve\u010dkrat opredelijo kot drugega o\u010deta. Ne glede na to, da je velik strokovnjak za teni\u0161ko tehniko, s poglobljenim pristopom do posameznika, uspe uskladiti tudi pristop do osebnosti in diskretno pomaga vsakomur, ki se mu zaupa.<\/p>\n<p>Lastnosti: odgovoren, profesionalen, zanesljiv, odli\u010dno razumevanje teni\u0161ke igre, sposobnost ustvariti \u010dvrst odnos, prilagodljiv, dinami\u010den[\/vc_column_text][\/vc_column][\/vc_row][vc_row css=&#8221;.vc_custom_1607607835147{padding-top: 40px !important;}&#8221;][vc_column width=&#8221;1\/2&#8243;][vc_single_image image=&#8221;2917&#8243; img_size=&#8221;large&#8221; css_animation=&#8221;slideInLeft&#8221; title=&#8221;Luka Zajc&#8221;][\/vc_column][vc_column width=&#8221;1\/2&#8243; css=&#8221;.vc_custom_1607607901848{padding-top: 80px !important;}&#8221;][vc_column_text css_animation=&#8221;slideInRight&#8221;]Magister \u0161portne vzgoje. Magistriral na podro\u010dju tenisa, Trener tenisa B<\/p>\n<p>Celo \u017eivljenje \u017ee v tenisu, od malega do \u0161tudenta, ima veliko izku\u0161enj v rekreativnem in tekmovalne tenisu.<\/p>\n<p>Pri 18 letih je naredil izpit za tenis in \u017ee za\u010del pomagati pri teni\u0161kih treningih.<\/p>\n<p>Moj cilj je, da \u010dim ve\u010d otrok spozna tenis in ga \u010dim dalj \u010dasa igrajo.<\/p>\n<p>Ve\u010d letni izvajalec programov Letnega programa \u0161porta v Ljubljani[\/vc_column_text][\/vc_column][\/vc_row][vc_row css=&#8221;.vc_custom_1607607835147{padding-top: 40px !important;}&#8221;][vc_column width=&#8221;1\/2&#8243;][vc_single_image image=&#8221;2276&#8243; img_size=&#8221;large&#8221; css_animation=&#8221;slideInLeft&#8221; title=&#8221;Simon Potokar&#8221;][\/vc_column][vc_column width=&#8221;1\/2&#8243; css=&#8221;.vc_custom_1607607901848{padding-top: 80px !important;}&#8221;][vc_column_text css_animation=&#8221;slideInRight&#8221;]<em>D<\/em>iplomiran kineziolog s fakultete za \u0161port.<\/p>\n<p>Simon je bil tudi sam na\u0161 tenisa\u010d. Lojalen in predan Olimpiji, ter svojemu biv\u0161emu trenerju Gregorju, do katerega goji visoko spo\u0161tovanje. Dobro pozna metode in vrednote kluba. Kot marljivemu, strogo motiviranemu \u0161tudentu Faklultete za \u0161port mu je bila \u017ee v 3. letniku zaupana vloga kondicijskega trenerja. Marljivo in usmerjeno je razivjal specijalno motoriko in kondicijo ve\u010d kot 50im tenisa\u010dem razli\u010dnih kategorij. Z otroki razvije zaupanje, zato z motivacijo nimajo te\u017eav. Vedno najde ravnovesje med trdim delom in zabavo.<\/p>\n<p>\u010ceprav ga je profesija odnesla v baletne vode, bo za vedno ostal tudi na\u0161.<\/p>\n<p>Kot kineziolog deluje v SNG Opera in balet Ljubljana, kjer skupaj s\u00a0fizioterapevtko skrbi za rehabilitacijo ter preventivno in kondicijsko\u00a0vadbo profesionalnih\u00a0baletnih plesalcev.<\/p>\n<p>Sodeluje s\u00a0priznano \u0161portno fizioterapavetko\u00a0s katero re\u0161ujeta te\u017eave z gibalnim aparatom tako vrhunskim in amaterskim \u0161portnikom,\u00a0 kot zagrizenim rekreativcem.<\/p>\n<p>Dejaven je tudi na rekreativnem podro\u010dju. V obliki osebnega trenerstva sodeluje tako z za\u010detniki kot z izku\u0161enimi \u0161portnimi rekreativci, ki se nanj obra\u010dajo iz razli\u010dnih razlogov \u2013 rehabilitacija, kondicijska priprava, huj\u0161anje[\/vc_column_text][\/vc_column][\/vc_row][vc_row css=&#8221;.vc_custom_1607607835147{padding-top: 40px !important;}&#8221;][vc_column width=&#8221;1\/2&#8243;][vc_single_image image=&#8221;2068&#8243; img_size=&#8221;large&#8221; css_animation=&#8221;slideInLeft&#8221; title=&#8221;Jernej Kr\u017ei\u010d&#8221;][\/vc_column][vc_column width=&#8221;1\/2&#8243; css=&#8221;.vc_custom_1607607901848{padding-top: 80px !important;}&#8221;][vc_column_text css_animation=&#8221;slideInRight&#8221;]Jernej je na\u0161! \u017de kot otrok je\u00a0 z bratom Andra\u017eem redno prihajal na treninge na Olimpijo. Takrat smo trenirali \u0161e v \u0160entvidu. Za razliko od brata je bil\u00a0 rahlo srame\u017eljiv zato si nismo niti predstavljali, da je stkal tako mo\u010dno vez s tenisom.<\/p>\n<p>Razpet med glasbeno umetnostjo in \u0161portom je razvil dva poklica, katera odli\u010dno in predano opravlja.<br \/>\nSvojo trenersko pot je za\u010del pred pribli\u017eno 7 leti. V tem \u010dasu\u00a0 se je imel sre\u010do obdati z igralci in trenerji, s katerimi sodeluje \u0161e danes. Dela usmerjeno in poglobljeno. Jerry ni trener tiste sorte, ki vse ve\u2026. Jerry je neustavljiv u\u010denec, \u017eeljan znanja ki bo ve\u010dno srkal in iskal re\u0161itve.<\/p>\n<p>Njegov cilj je, da otroci spoznajo tenis ne samo kot rekreacijo ali pa tekmovanje, ampak tudi kot na\u010din za spoprijemanje se s problemi, kontroliranje svojih \u010dustev in telesa.<\/p>\n<p>Tenis je \u017eivljenska igra in odli\u010dna popotnica za vse stvari, s katerimi se bodo na\u0161i otroci morali spoprijeti v \u017eivljenju.<\/p>\n<p>Trener tenisa C.[\/vc_column_text][\/vc_column][\/vc_row][vc_row css=&#8221;.vc_custom_1607607835147{padding-top: 40px !important;}&#8221;][vc_column width=&#8221;1\/2&#8243;][vc_single_image image=&#8221;2277&#8243; img_size=&#8221;large&#8221; css_animation=&#8221;slideInLeft&#8221; title=&#8221;Andra\u017e Vokal&#8221;][\/vc_column][vc_column width=&#8221;1\/2&#8243; css=&#8221;.vc_custom_1607607901848{padding-top: 80px !important;}&#8221;][vc_column_text css_animation=&#8221;slideInRight&#8221;]Na svetu obstajata vsaj dve vrsti trenerjev. Eni so tisti, ki re\u010dejo: \u00bbTale ne bo nikoli tenisa igral!\u00ab in drugi:\u00abPust ga, sej se bo nau\u010du!\u00ab Andra\u017e je zagotovo spada med druge. Nikoli ne izgubi upanja in\u00a0 v vsakomur vidi potenicijal. Vsekakor ga ta optimizem krasi in vse nas bogati.<\/p>\n<p>V teni\u0161ki slu\u017ebi u\u017eiva \u017ee preko dvajset let. Pri\u010del je, kot teni\u0161ki navdu\u0161enec, danes je profesionalec. Leta izku\u0161enj v kategorijah do 12let\u00a0 ga je v izu\u010dilo predanega trenerja in mentorja. Ima tudi dolgoletne izku\u0161nje z organizacijo poletnih taborov, zato ni \u010dudno da ga pozna veliko ljubljanskih teni\u0161kih entuzijastov.<\/p>\n<p>Andra\u017e je trener, ki mu nikoli ne zmanjka idej in prijemov kako navdu\u0161iti mlade tenisa\u010dke, predvsem pa k vsakomur najde primeren pristop zato ga otroci in mladostniki obo\u017eujejo. Rad tekmuje in resno trenira, veseli se zmag, a porazov nikoli ne obsoja\u2026. Zdi se, kot da bi si zadal, da bo slehernega \u010dloveka nau\u010dil igrati tenis.[\/vc_column_text][\/vc_column][\/vc_row][vc_row css=&#8221;.vc_custom_1607607835147{padding-top: 40px !important;}&#8221;][vc_column width=&#8221;1\/2&#8243;][vc_single_image image=&#8221;2754&#8243; img_size=&#8221;large&#8221; css_animation=&#8221;slideInLeft&#8221; title=&#8221;Peter Kova\u010di\u010d&#8221;][\/vc_column][vc_column width=&#8221;1\/2&#8243; css=&#8221;.vc_custom_1607607901848{padding-top: 80px !important;}&#8221;][vc_column_text css_animation=&#8221;slideInRight&#8221;]<\/p>\n<div class=\"wpb_text_column wpb_content_element \">\n<div class=\"wpb_wrapper\">\n<p>Licence: \u00a0-TZS \/ \u00a0trener C<br \/>\n\u2013 GPTCA (ATP CERTIFIED)\/ Coach C<\/p>\n<p>Peter se je s teni\u0161kim loparjem sre\u010dal prvi\u010d \u017ee pri 4ih letih, podaril mu ga je sosed, ki je imel teni\u0161ki servis, eden redkih v tistem \u010dasu. Sprva je sem vadil doma na steni hi\u0161e, kasneje \u010dez ograjo na \u00a0doma\u010dem provizori\u010dnem igri\u0161\u010du. Pri 6ih letih je zacel trenirati v \u00a0\u00a0klubu in kon\u010dno vstopil v \u00a0\u201cpravi\u201d teni\u0161ki svet. Od takrat naprej je tenis postal del njegovega vsakdana, njegov popolni svet.<br \/>\nSprva je \u0161lo samo za nedol\u017eno otro\u0161ko igro, nato za tekmovanje med prijatelji, na koncu pa za veliko strast in ljubezen, ki je zahtevala ogromno \u010dasa in odrekanja.<br \/>\nPri \u00a012 letih je prvic nastopil za reprezentanco, kjer je bil reden \u010dlan vse do 18ga leta.<br \/>\nPravi, da je imel veliko sre\u010do, ker je lahko kot mladinec tekmoval z nekaj najbolj\u0161imi igralci dana\u0161njega \u010dasa, tako na slovenski kot mednarodni sceni (Kav\u010di\u010d, \u017demlja, Bedene, \u00a0\u010cilic, Vei\u0107, Bautisa Agut, itd).<br \/>\nPri 21ih letih je za\u010del trenersko pot, ve\u010dino z najmlaj\u0161imi, kjer je nabiral izku\u0161nje in se razvijal z igralci. Ta \u010das mu \u00a0je prinesel ogromno znanja, u\u010dili so se eden od drugega, bodisi na treningih, tekmovanjih ali v prostem \u010dasu.<br \/>\nObiskal je nekaj najbolj\u0161ih akademij v Evropi, kjer se je imel mo\u017enost u\u010diti od najbolj\u0161ih teniskih trenerjev na stari celini ali celo na svetu (Nadal academy, Mouratoglou Tennis Academy, Piatti Academy..).<br \/>\nV sre\u010do in veselje mu je, da lahko svoje znanje predaja naprej igralcem, tekmovalcem, predvsem pa vsem teni\u0161kim navdu\u0161encem.<\/p>\n<p><strong>Zanj<\/strong><strong> je tenis evolucija in ne revolucija!<br \/>\n<\/strong><\/p>\n<p>Dejstva:<br \/>\n\u2013\u00a0\u00a0\u00a0\u00a0\u00a0 nikoli ni treniral drugega kot tenis\ud83d\ude03<br \/>\n\u2013 \u00a0\u00a0\u00a0\u00a0\u00a0o svoji izobrazbi lahko re\u010de ,da je imel raj\u0161i \u0161port kot \u0161olo\ud83d\ude48<br \/>\n\u2013 \u00a0\u00a0\u00a0\u00a0\u00a0zanj je poklic teni\u0161kega trenerja pravi \u201cdream job\u201d.<br \/>\n\u2013 \u00a0\u00a0\u00a0\u00a0\u00a0meni, da je kot trener, deloven, natan\u010den in odlo\u010den, zna biti tudi prijazen, zabaven in prilagodljiv<\/p>\n<p>Mi pa menimo, da je enkraten sodelavec, kateremu zaupamo z vsem srcem<\/p>\n<\/div>\n<\/div>\n<p>[\/vc_column_text][\/vc_column][\/vc_row][vc_row css=&#8221;.vc_custom_1607607835147{padding-top: 40px !important;}&#8221;][vc_column width=&#8221;1\/2&#8243;][vc_single_image image=&#8221;2053&#8243; img_size=&#8221;large&#8221; css_animation=&#8221;slideInLeft&#8221; title=&#8221;Alenka Matko Juvan\u010di\u010d&#8221;][\/vc_column][vc_column width=&#8221;1\/2&#8243; css=&#8221;.vc_custom_1607607901848{padding-top: 80px !important;}&#8221;][vc_column_text css_animation=&#8221;slideInRight&#8221;]O Alenki bo za uvod najve\u010d povedal zapis ene od mam:<\/p>\n<p>&#8220;Draga Alenka. Saj ve\u0161, ne poznamo se \u0161e dolgo, a nekatere ljudi pa\u010d za\u010duti\u0161&#8230; Ravno sem mo\u017eu rekla, da mi je neverjetno, kako ima lahko en \u010dlovek v sebi toliko ljubezni in so\u010dutja do drugih. Opazovala sem te kako vsakega otroka pozdravi\u0161, se ga dotakne\u0161, ga pobo\u017ea\u0161, poheca\u0161, ga opazi\u0161&#8230;kaj ve\u010d si lahko damo kot pozornost da smo tam. Jaz tega v sebi nimam, a se u\u010dim od tebe. Hvala da si v tem moja &#8220;tur\u0161ica:)&#8221;.<\/p>\n<p>Alenka je del TKOekipe od leta 1999. Deklica za vse. Stoji za skoraj vsemi sporo\u010dili star\u0161em, pozna vse in nikogar ne spregleda. Zaveda se, da vsakdo potrebuje\u00a0 svoj pristop.<\/p>\n<p>Poskrbi, da vsi lahko pridejo na trening in mnoge od njih tudi sama prepelje. Veseli se uspehov, obri\u0161e solze in obve\u017ee rane. Ni\u010d ji ni te\u017eko.<\/p>\n<p>Uspe\u0161na je na podro\u010dju sodelovanja v evropskih projektih \u2013 EACEA, Erasmus+, kjer v imenu TKO sodeluje z razli\u010dnimi evropskimi univerzami in drugimi imenitnimi partnerji s katerimi razvija nove metode zdravega na\u010dina razvoja mladih.<\/p>\n<p>Najbolj u\u017eiva v \u010dasu poletnih po\u010ditnic, ko organizira po\u010ditni\u0161ke tabore. Takrat veliko u\u010di na igri\u0161\u010du, bere pravljice, otroke vozi na izlete, ter jih spoznava z lepotami narave. Rada ima vse, \u010deprav dostikrat pove, da so ji \u00bbta poredni\u00ab \u0161e posebej pri srcu.<\/p>\n<p>Njeni glavni vrednoti sta na\u010delost in solidarnost.[\/vc_column_text][\/vc_column][\/vc_row]<\/p>\n","protected":false},"excerpt":{"rendered":"<p>[vc_row css=&#8221;.vc_custom_1607607835147{padding-top: 40px !important;}&#8221;][vc_column width=&#8221;1\/2&#8243;][vc_single_image image=&#8221;2066&#8243; img_size=&#8221;large&#8221; css_animation=&#8221;slideInLeft&#8221; title=&#8221;Gregor Matko&#8221;][\/vc_column][vc_column width=&#8221;1\/2&#8243; css=&#8221;.vc_custom_1607607901848{padding-top: 80px !important;}&#8221;][vc_column_text css_animation=&#8221;slideInRight&#8221;]Licence: TZS TO Level A, PTR Professional, GPTCA Level B S trenerskim delom je kot \u0161tudent Fakultete za \u0161port za\u010del v klubu V Teni\u0161ki akademiji Bomba\u010d leta 1992, natan\u010dneje kot kondicijski trener Petre Rampre. S Petro je spoznal kaj pomeni trdo&#8230;<\/p>\n","protected":false},"author":1,"featured_media":2038,"parent":0,"menu_order":0,"comment_status":"closed","ping_status":"closed","template":"visual-composer.php","meta":[],"translation":{"provider":"WPGlobus","version":"2.12.2","language":"en","enabled_languages":["si","en"],"languages":{"si":{"title":true,"content":true,"excerpt":false},"en":{"title":false,"content":false,"excerpt":false}}},"_links":{"self":[{"href":"http:\/\/www.tenisklubolimpija.si\/en\/wp-json\/wp\/v2\/pages\/2303"}],"collection":[{"href":"http:\/\/www.tenisklubolimpija.si\/en\/wp-json\/wp\/v2\/pages"}],"about":[{"href":"http:\/\/www.tenisklubolimpija.si\/en\/wp-json\/wp\/v2\/types\/page"}],"author":[{"embeddable":true,"href":"http:\/\/www.tenisklubolimpija.si\/en\/wp-json\/wp\/v2\/users\/1"}],"replies":[{"embeddable":true,"href":"http:\/\/www.tenisklubolimpija.si\/en\/wp-json\/wp\/v2\/comments?post=2303"}],"version-history":[{"count":40,"href":"http:\/\/www.tenisklubolimpija.si\/en\/wp-json\/wp\/v2\/pages\/2303\/revisions"}],"predecessor-version":[{"id":2936,"href":"http:\/\/www.tenisklubolimpija.si\/en\/wp-json\/wp\/v2\/pages\/2303\/revisions\/2936"}],"wp:featuredmedia":[{"embeddable":true,"href":"http:\/\/www.tenisklubolimpija.si\/en\/wp-json\/wp\/v2\/media\/2038"}],"wp:attachment":[{"href":"http:\/\/www.tenisklubolimpija.si\/en\/wp-json\/wp\/v2\/media?parent=2303"}],"curies":[{"name":"wp","href":"https:\/\/api.w.org\/{rel}","templated":true}]}}