{"id":2341,"date":"2020-12-10T15:17:51","date_gmt":"2020-12-10T14:17:51","guid":{"rendered":"http:\/\/www.tenisklubolimpija.si\/?page_id=2341"},"modified":"2020-12-10T15:34:23","modified_gmt":"2020-12-10T14:34:23","slug":"programi-in-vsebina","status":"publish","type":"page","link":"http:\/\/www.tenisklubolimpija.si\/en\/programi-in-vsebina\/","title":{"rendered":"Programi in vsebina"},"content":{"rendered":"<p>[vc_row css=&#8221;.vc_custom_1607610649300{padding-bottom: 40px !important;}&#8221;][vc_column]<div class=\" fadeIn\" data-wow-delay=\"0.1s\">\r\n\t\t\t\t<div class=\"hi-icon-effect \"><div class=\"hi-icon\"><a href=\"\"><i class=\"ion-ios-tennisball-outline\"><\/i><\/a><\/div><div class=\"service-name\">Mala \u0161ola tenisa<\/div>\r\n\t              \t<div class=\"service-text\">V malo \u0161olo tenisa sprejemamo otroke od 4. do 7. leta. Prijazni, potrpe\u017eljivi, predvsem pa strokovni trenerji jih popeljejo do prvih udarcev, izmenjav in prve prave mini tenis igre. Hkrati razvijamo osnovne motori\u010dne sposobnosti ter se spoznamo z osnovami teni\u0161ke taktike. Tenis je igra in zato jo igramo, ali \u0161e bolje, tenisa se igramo.<\/div>\r\n\t            <\/div>\r\n            <\/div><div class=\" fadeIn\" data-wow-delay=\"0.1s\">\r\n\t\t\t\t<div class=\"hi-icon-effect \"><div class=\"hi-icon\"><a href=\"\"><i class=\"ion-ios-tennisball-outline\"><\/i><\/a><\/div><div class=\"service-name\">Tekmovalni programi<\/div>\r\n\t              \t<div class=\"service-text\">To so programi ki zahtevajo najve\u010d...\u010dasa, materjala, denarja, odrekanja, motivacije, \u017eelje, potrpe\u017eljivosti, vztrajnosti, psihi\u010dne in fizi\u010dne stabilnosti, nepopustljivosti, in \u0161e in \u0161e... Vse to navajamo, ker bi \u017eeleli pripraviti vse udele\u017eene na trdo delo, ki \u010dakka otroke in star\u0161e na tej poti. V TKO bomo naredili vse in \u0161e ve\u010d kar je v na\u0161i mo\u010di mo\u010di, da igralec \/ igralka dose\u017eesvoje potencijale in tako izpolni svoja pri\u010dakovanja.<\/div>\r\n\t            <\/div>\r\n            <\/div><div class=\" fadeIn\" data-wow-delay=\"0.1s\">\r\n\t\t\t\t<div class=\"hi-icon-effect \"><div class=\"hi-icon\"><a href=\"\"><i class=\"ion-ios-tennisball-outline\"><\/i><\/a><\/div><div class=\"service-name\">Rekreativni tenis<\/div>\r\n\t              \t<div class=\"service-text\">Zavedamo se da mnogi klubi silijo otroke v tekmovanja. Mnogi otroci enostavno ne \u017eelijo tega, \u017eelijo le igrati in se zabavati ob dru\u017eenju s prijatelji. TKO ima skupine za rekreativni tenis v vseh starostnih kategorijah, tako da se vedno najde prostor za vsakega otroka.<\/div>\r\n\t            <\/div>\r\n            <\/div><div class=\" fadeIn\" data-wow-delay=\"0.1s\">\r\n\t\t\t\t<div class=\"hi-icon-effect \"><div class=\"hi-icon\"><a href=\"\"><i class=\"ion-ios-tennisball-outline\"><\/i><\/a><\/div><div class=\"service-name\">Mini in midi tenis<\/div>\r\n\t              \t<div class=\"service-text\">Vsaka zgodba se nekje za\u010dne. Prvi pravi teni\u0161ki koraki se pri\u010dnejo prav tukaj...igri\u0161\u010da so manj\u0161a, loparji kraj\u0161i, \u017eoge po\u010dasnej\u0161e, skratka vse kar je potrebno za razvoj sposobnosti na teni\u0161kem igri\u0161\u010du.<\/div>\r\n\t            <\/div>\r\n            <\/div><div class=\" fadeIn\" data-wow-delay=\"0.1s\">\r\n\t\t\t\t<div class=\"hi-icon-effect \"><div class=\"hi-icon\"><a href=\"\"><i class=\"ion-ios-tennisball-outline\"><\/i><\/a><\/div><div class=\"service-name\">Teni\u0161ka \u0161ola odraslih<\/div>\r\n\t              \t<div class=\"service-text\">V TKO poskrbimo tudi za odrasle. Kdor \u017eeli zgolj vstopiti v svet tenisa, ali pa morda svojo igro samo dvigniti za stopnico, dve, ali celo ve\u010d...TKO je absolutno pravi naslov za vas. Vadba poteka v, za vas, naugodnej\u0161ih terminih, po 19.00 uri. Nau\u010dili se ne boste le udariti teni\u0161ko \u017eogico, znali boste svoje znanje uporabiti tudi v igri...VABLJENI!!!<\/div>\r\n\t            <\/div>\r\n            <\/div>[\/vc_column][\/vc_row]<\/p>\n","protected":false},"excerpt":{"rendered":"<p>[vc_row css=&#8221;.vc_custom_1607610649300{padding-bottom: 40px !important;}&#8221;][vc_column][\/vc_column][\/vc_row]<\/p>\n","protected":false},"author":1,"featured_media":2038,"parent":0,"menu_order":0,"comment_status":"closed","ping_status":"closed","template":"visual-composer.php","meta":[],"translation":{"provider":"WPGlobus","version":"2.12.2","language":"en","enabled_languages":["si","en"],"languages":{"si":{"title":true,"content":true,"excerpt":false},"en":{"title":false,"content":false,"excerpt":false}}},"_links":{"self":[{"href":"http:\/\/www.tenisklubolimpija.si\/en\/wp-json\/wp\/v2\/pages\/2341"}],"collection":[{"href":"http:\/\/www.tenisklubolimpija.si\/en\/wp-json\/wp\/v2\/pages"}],"about":[{"href":"http:\/\/www.tenisklubolimpija.si\/en\/wp-json\/wp\/v2\/types\/page"}],"author":[{"embeddable":true,"href":"http:\/\/www.tenisklubolimpija.si\/en\/wp-json\/wp\/v2\/users\/1"}],"replies":[{"embeddable":true,"href":"http:\/\/www.tenisklubolimpija.si\/en\/wp-json\/wp\/v2\/comments?post=2341"}],"version-history":[{"count":10,"href":"http:\/\/www.tenisklubolimpija.si\/en\/wp-json\/wp\/v2\/pages\/2341\/revisions"}],"predecessor-version":[{"id":2351,"href":"http:\/\/www.tenisklubolimpija.si\/en\/wp-json\/wp\/v2\/pages\/2341\/revisions\/2351"}],"wp:featuredmedia":[{"embeddable":true,"href":"http:\/\/www.tenisklubolimpija.si\/en\/wp-json\/wp\/v2\/media\/2038"}],"wp:attachment":[{"href":"http:\/\/www.tenisklubolimpija.si\/en\/wp-json\/wp\/v2\/media?parent=2341"}],"curies":[{"name":"wp","href":"https:\/\/api.w.org\/{rel}","templated":true}]}}