{"id":2352,"date":"2020-12-10T15:35:54","date_gmt":"2020-12-10T14:35:54","guid":{"rendered":"http:\/\/www.tenisklubolimpija.si\/?page_id=2352"},"modified":"2021-12-01T14:26:20","modified_gmt":"2021-12-01T13:26:20","slug":"clanstvo","status":"publish","type":"page","link":"http:\/\/www.tenisklubolimpija.si\/en\/clanstvo\/","title":{"rendered":"Postani \u010dlan"},"content":{"rendered":"<p>[vc_row][vc_column][vc_column_text]<\/p>\n<h3><\/h3>\n<h3>Tukaj lahko odda\u0161 spletno prijavo za klubsko \u010dlanstvo. Na koncu ti bomo prijavo poslali na email, prijavo bo\u0161 natisnil in nam jo podpisano prinesel v klub.<\/h3>\n<p>[\/vc_column_text][\/vc_column][\/vc_row][vc_row css=&#8221;.vc_custom_1607611393513{padding-top: 40px !important;}&#8221;][vc_column width=&#8221;1\/2&#8243;]<p>Lokacija in kontakti: Teni\u0161ki Klub Olimpija<\/p><hr><h5><i class=\"fa fa-map-marker fa-fw fa-lg\"><\/i> \u0160landrova ulica 11, 1231 Ljubljana<\/h5><h5><i class=\"fa fa-envelope fa-fw fa-lg\"><\/i> <a href=\"mailto:tkolimpija@siol.net\">tkolimpija@siol.net<\/a><\/h5><h5><i class=\"fa fa-phone fa-fw fa-lg\"><\/i> <a href=\"tel:041 637 574, 041 606 015\">041 637 574, 041 606 015<\/a><\/h5>[\/vc_column][vc_column width=&#8221;1\/2&#8243;]\n<div class=\"wpcf7 no-js\" id=\"wpcf7-f18-o1\" lang=\"sl-SI\" dir=\"ltr\">\n<div class=\"screen-reader-response\"><p role=\"status\" aria-live=\"polite\" aria-atomic=\"true\"><\/p> <ul><\/ul><\/div>\n<form action=\"\/en\/wp-json\/wp\/v2\/pages\/2352#wpcf7-f18-o1\" method=\"post\" class=\"wpcf7-form init\" aria-label=\"Contact form\" novalidate=\"novalidate\" data-status=\"init\">\n<div style=\"display: none;\">\n<input type=\"hidden\" name=\"_wpcf7\" value=\"18\" \/>\n<input type=\"hidden\" name=\"_wpcf7_version\" value=\"5.7.5.1\" \/>\n<input type=\"hidden\" name=\"_wpcf7_locale\" value=\"sl_SI\" \/>\n<input type=\"hidden\" name=\"_wpcf7_unit_tag\" value=\"wpcf7-f18-o1\" \/>\n<input type=\"hidden\" name=\"_wpcf7_container_post\" value=\"0\" \/>\n<input type=\"hidden\" name=\"_wpcf7_posted_data_hash\" value=\"\" \/>\n<\/div>\n<p><label> Ime in priimek *<br \/>\n<span class=\"wpcf7-form-control-wrap\" data-name=\"your-name\"><input size=\"40\" class=\"wpcf7-form-control wpcf7-text wpcf7-validates-as-required\" aria-required=\"true\" aria-invalid=\"false\" value=\"\" type=\"text\" name=\"your-name\" \/><\/span> <\/label>\n<\/p>\n<p><label> To\u010den naslov *<br \/>\n<span class=\"wpcf7-form-control-wrap\" data-name=\"naslov\"><input size=\"40\" class=\"wpcf7-form-control wpcf7-text wpcf7-validates-as-required\" aria-required=\"true\" aria-invalid=\"false\" value=\"\" type=\"text\" name=\"naslov\" \/><\/span> <\/label>\n<\/p>\n<p><label> Ime in priimek star\u0161ev (zastopnikov) *<br \/>\n<span class=\"wpcf7-form-control-wrap\" data-name=\"starsi\"><input size=\"40\" class=\"wpcf7-form-control wpcf7-text wpcf7-validates-as-required\" aria-required=\"true\" aria-invalid=\"false\" value=\"\" type=\"text\" name=\"starsi\" \/><\/span> <\/label>\n<\/p>\n<p><label> Mobilna \u0161tevilka *<br \/>\n<span class=\"wpcf7-form-control-wrap\" data-name=\"mobi\"><input size=\"40\" class=\"wpcf7-form-control wpcf7-text wpcf7-validates-as-required\" aria-required=\"true\" aria-invalid=\"false\" value=\"\" type=\"text\" name=\"mobi\" \/><\/span> <\/label>\n<\/p>\n<p><label> Elektronski naslov *<br \/>\n<span class=\"wpcf7-form-control-wrap\" data-name=\"your-email\"><input size=\"40\" class=\"wpcf7-form-control wpcf7-text wpcf7-email wpcf7-validates-as-required wpcf7-validates-as-email\" aria-required=\"true\" aria-invalid=\"false\" value=\"\" type=\"email\" name=\"your-email\" \/><\/span> <\/label>\n<\/p>\n<p><span class=\"wpcf7-form-control-wrap\" data-name=\"pogoji\"><span class=\"wpcf7-form-control wpcf7-acceptance\"><span class=\"wpcf7-list-item\"><label><input type=\"checkbox\" name=\"pogoji\" value=\"1\" aria-invalid=\"false\" \/><span class=\"wpcf7-list-item-label\">Strinjam se s pogoji - <a href=\"http:\/\/www.tenisklubolimpija.si\/splosni-pogoji-clanstva\/\" target=\"popup\" \n  onclick=\"window.open('http:\/\/www.tenisklubolimpija.si\/splosni-pogoji-clanstva\/','popup','width=600,height=600'); return false;\">\n    Preberi pogoje >><\/a><\/span><\/label><\/span><\/span><\/span>\n<\/p>\n<p><a href=\"http:\/\/www.tenisklubolimpija.si\/wp-content\/uploads\/2021\/12\/Vpisni-list-in-pristopna-izjava.pdf\" target=\"_blank\"><b>Prenesi splo\u0161ne pogoje in vpisni list >>\u00a0<\/b><\/a>\n<\/p>\n<p><input class=\"wpcf7-form-control has-spinner wpcf7-submit\" type=\"submit\" value=\"Potrdi\" \/>\n<\/p><div class=\"wpcf7-response-output\" aria-hidden=\"true\"><\/div>\n<\/form>\n<\/div>\n[\/vc_column][\/vc_row][vc_row][vc_column][vc_gmaps link=&#8221;#E-8_JTNDaWZyYW1lJTIwc3JjJTNEJTIyaHR0cHMlM0ElMkYlMkZ3d3cuZ29vZ2xlLmNvbSUyRm1hcHMlMkZlbWJlZCUzRnBiJTNEJTIxMW0xOCUyMTFtMTIlMjExbTMlMjExZDI3NjYuNjYyOTM1OTg0MDU3JTIxMmQxNC41MjY2NDQzMTYyNDI5ODclMjEzZDQ2LjA5NzY5NTY5ODk2ODM5NCUyMTJtMyUyMTFmMCUyMTJmMCUyMTNmMCUyMTNtMiUyMTFpMTAyNCUyMTJpNzY4JTIxNGYxMy4xJTIxM20zJTIxMW0yJTIxMXMweDQ3NjUzMzE5ODA2NTcyZDMlMjUzQTB4N2EzNGMzZmQ0MzhlOTMyMiUyMTJzTHVkdXMlMjUyMEJlYWNoJTI1MjBQYXJrJTI1MjBManVibGphbmElMjE1ZTAlMjEzbTIlMjExc2VuJTIxMnNzaSUyMTR2MTYwNzYxMTMzODg1NyUyMTVtMiUyMTFzZW4lMjEyc3NpJTIyJTIwd2lkdGglM0QlMjI2MDAlMjIlMjBoZWlnaHQlM0QlMjI0NTAlMjIlMjBmcmFtZWJvcmRlciUzRCUyMjAlMjIlMjBzdHlsZSUzRCUyMmJvcmRlciUzQTAlM0IlMjIlMjBhbGxvd2Z1bGxzY3JlZW4lM0QlMjIlMjIlMjBhcmlhLWhpZGRlbiUzRCUyMmZhbHNlJTIyJTIwdGFiaW5kZXglM0QlMjIwJTIyJTNFJTNDJTJGaWZyYW1lJTNF&#8221;][\/vc_column][\/vc_row]<\/p>\n","protected":false},"excerpt":{"rendered":"<p>[vc_row][vc_column][vc_column_text] Tukaj lahko odda\u0161 spletno prijavo za klubsko \u010dlanstvo. Na koncu ti bomo prijavo poslali na email, prijavo bo\u0161 natisnil in nam jo podpisano prinesel v klub. [\/vc_column_text][\/vc_column][\/vc_row][vc_row css=&#8221;.vc_custom_1607611393513{padding-top: 40px !important;}&#8221;][vc_column width=&#8221;1\/2&#8243;][\/vc_column][vc_column width=&#8221;1\/2&#8243;][\/vc_column][\/vc_row][vc_row][vc_column][vc_gmaps link=&#8221;#E-8_JTNDaWZyYW1lJTIwc3JjJTNEJTIyaHR0cHMlM0ElMkYlMkZ3d3cuZ29vZ2xlLmNvbSUyRm1hcHMlMkZlbWJlZCUzRnBiJTNEJTIxMW0xOCUyMTFtMTIlMjExbTMlMjExZDI3NjYuNjYyOTM1OTg0MDU3JTIxMmQxNC41MjY2NDQzMTYyNDI5ODclMjEzZDQ2LjA5NzY5NTY5ODk2ODM5NCUyMTJtMyUyMTFmMCUyMTJmMCUyMTNmMCUyMTNtMiUyMTFpMTAyNCUyMTJpNzY4JTIxNGYxMy4xJTIxM20zJTIxMW0yJTIxMXMweDQ3NjUzMzE5ODA2NTcyZDMlMjUzQTB4N2EzNGMzZmQ0MzhlOTMyMiUyMTJzTHVkdXMlMjUyMEJlYWNoJTI1MjBQYXJrJTI1MjBManVibGphbmElMjE1ZTAlMjEzbTIlMjExc2VuJTIxMnNzaSUyMTR2MTYwNzYxMTMzODg1NyUyMTVtMiUyMTFzZW4lMjEyc3NpJTIyJTIwd2lkdGglM0QlMjI2MDAlMjIlMjBoZWlnaHQlM0QlMjI0NTAlMjIlMjBmcmFtZWJvcmRlciUzRCUyMjAlMjIlMjBzdHlsZSUzRCUyMmJvcmRlciUzQTAlM0IlMjIlMjBhbGxvd2Z1bGxzY3JlZW4lM0QlMjIlMjIlMjBhcmlhLWhpZGRlbiUzRCUyMmZhbHNlJTIyJTIwdGFiaW5kZXglM0QlMjIwJTIyJTNFJTNDJTJGaWZyYW1lJTNF&#8221;][\/vc_column][\/vc_row]<\/p>\n","protected":false},"author":1,"featured_media":2038,"parent":0,"menu_order":0,"comment_status":"closed","ping_status":"closed","template":"visual-composer.php","meta":[],"translation":{"provider":"WPGlobus","version":"2.12.2","language":"en","enabled_languages":["si","en"],"languages":{"si":{"title":true,"content":true,"excerpt":false},"en":{"title":false,"content":false,"excerpt":false}}},"_links":{"self":[{"href":"http:\/\/www.tenisklubolimpija.si\/en\/wp-json\/wp\/v2\/pages\/2352"}],"collection":[{"href":"http:\/\/www.tenisklubolimpija.si\/en\/wp-json\/wp\/v2\/pages"}],"about":[{"href":"http:\/\/www.tenisklubolimpija.si\/en\/wp-json\/wp\/v2\/types\/page"}],"author":[{"embeddable":true,"href":"http:\/\/www.tenisklubolimpija.si\/en\/wp-json\/wp\/v2\/users\/1"}],"replies":[{"embeddable":true,"href":"http:\/\/www.tenisklubolimpija.si\/en\/wp-json\/wp\/v2\/comments?post=2352"}],"version-history":[{"count":14,"href":"http:\/\/www.tenisklubolimpija.si\/en\/wp-json\/wp\/v2\/pages\/2352\/revisions"}],"predecessor-version":[{"id":2781,"href":"http:\/\/www.tenisklubolimpija.si\/en\/wp-json\/wp\/v2\/pages\/2352\/revisions\/2781"}],"wp:featuredmedia":[{"embeddable":true,"href":"http:\/\/www.tenisklubolimpija.si\/en\/wp-json\/wp\/v2\/media\/2038"}],"wp:attachment":[{"href":"http:\/\/www.tenisklubolimpija.si\/en\/wp-json\/wp\/v2\/media?parent=2352"}],"curies":[{"name":"wp","href":"https:\/\/api.w.org\/{rel}","templated":true}]}}