{"id":2549,"date":"2021-04-16T13:02:59","date_gmt":"2021-04-16T11:02:59","guid":{"rendered":"http:\/\/www.tenisklubolimpija.si\/?page_id=2549"},"modified":"2021-12-01T13:49:23","modified_gmt":"2021-12-01T12:49:23","slug":"splosni-pogoji-clanstva","status":"publish","type":"page","link":"http:\/\/www.tenisklubolimpija.si\/en\/splosni-pogoji-clanstva\/","title":{"rendered":"Splo\u0161ni pogoji \u010dlanstva"},"content":{"rendered":"<p>S to pristopno izjavo izjavljam, da poznam in sem seznanjen \u2013 a s statutom Teni\u0161kega kluba Olimpije (dostopno na naslovu <a href=\"http:\/\/www.tenisklubolimpija.si\">www.tenisklubolimpija.si<\/a>) in da v skladu z 8. \u010dlenom statuta Tenis kluba Olimpija, vstopam \/ obnavljam \u010dlanstvo v TK Olimpija.<\/p>\n<ol>\n<li><strong>Star\u0161i in otroci se obvezujejo<\/strong><\/li>\n<\/ol>\n<ul>\n<li>Mese\u010dne obveznosti bom pla\u010dal(a) najkasneje do 15. v mesecu za teko\u010di mesec, druga\u010de sem dol\u017ean(na) pla\u010devati zakonite zamudne obresti<\/li>\n<li>Letno \u010dlanarino placate 1x letno, in sicer do konca meseca januarja za teko\u010de leto v znesku 30,00\u20ac, druga\u010de sem dol\u017ean pla\u010dati zamudne obresti<\/li>\n<li>Bom pla\u010dal(a) vsako nastalo \u0161kodo, ki bi nastala iz malomarnosti ali krivde otroka ali zaradi neupo\u0161tevanja navodil\u00a0 trenerjev ali pravil , ki veljajo za obna\u0161anje na teni\u0161kem igri\u0161\u010du, za kakr\u0161nokoli opremo ne glede na to v \u010digavi lasti je<\/li>\n<li>Da bom posredoval vodstvu kluba vse morebitne pripombe, prito\u017ebe, opa\u017eanja v zvezi z delom in odnosom ekipe TK Olimpija<\/li>\n<li>Vsa morebitna nesoglasja in spore z vodstvom kluba oziroma z kadrom TK Olimpija bom posku\u0161al(a) re\u0161iti po mirni poti. V kolikor to ne bo mogo\u010de, bo vse spore re\u0161evalo pristojno sodi\u0161\u010de v Ljubljani<\/li>\n<\/ul>\n<ol start=\"2\">\n<li><strong>TK Olimpija se obvezuje, da bo:<\/strong><\/li>\n<\/ol>\n<ul>\n<li>Svoje delo opravljal korektno in strokovno<\/li>\n<li>Izstavljal ra\u010dune redno in najkasneje do 5. v mesecu za teko\u010di mesec, v nasprotnem primeru star\u0161i niso krivi za morebitno zamudo pri pla\u010dilu in v tem primeru niso dol\u017eni pla\u010dati zakonite zamudne obresti<\/li>\n<li>Da bo vsakemu, ki bo podal kakr\u0161nokoli pripombo, prito\u017ebo, opa\u017eanje v zvezi z delom in odnosom celotne ekipe TK Olimpija, odgovoril<\/li>\n<\/ul>\n<ol start=\"3\">\n<li><strong>TK Olimpija ne prevzema kakr\u0161nekoli odgovornosti v primeru:<\/strong><\/li>\n<\/ol>\n<ul>\n<li>Da se ugotovi, da so navedbe star\u0161ev ali otrok, ki se udele\u017eujejo kateregakoli programa v sklopu Tenis kluba Olimpija, neresni\u010dne oz. nepopolne<\/li>\n<li>Da star\u0161i ne opozorijo ekipe TK Olimpija na morebitne otrokove zdravstvene te\u017eave, zaradi katerih bi lahko pri\u0161lo do kak\u0161nih koli zapletov ali te\u017eav pri vadbi otroka<\/li>\n<li>\u010ce otrok ne bo upo\u0161teval navodil trenerja o procesu vadbe oz. kr\u0161il na\u010dela osnovnega bontona ali celo uni\u010deval lastnino kogarkoli<\/li>\n<li>\u010ce se v primeru napotitve otroka na zdravni\u0161ki pregled s strani ekipe TK Olimpija, le-ta tega ne opravi oziroma ne prinese ustreznega zdravni\u0161kega potrdila v zvezi z napotitvijo<\/li>\n<li>Za obla\u010dila in osebne predmete<\/li>\n<\/ul>\n<ol start=\"4\">\n<li><strong>Cena in na\u010din pla\u010dila:<\/strong><\/li>\n<\/ol>\n<ul>\n<li>Cena je za teko\u010de \u0161olsko leto fiksna in se objavi\u00a0 najkasneje do 15. septembra za teko\u010de \u0161olsko leto. Uradni cenik za teko\u010de \u0161olsko leto je priloga tej izjavi in njen sestavni del<\/li>\n<li>\u0160olnina se pla\u010duje mese\u010dno v skladu z objavljenim uradnim cenikom TK Olimpija, najkasneje do 15. v mesecu za teko\u010di mesec<\/li>\n<li>Ker ve\u010dina mesecev v \u0161olskem letu vsebuje ve\u010d kot 20 (dvajset) delovnih dne, se ta razlika izena\u010di z dela prostimi dnevi (prazniki), ter v poletnem \u010dasu z de\u017eevnimi dnevi, ko vadba ni mogo\u010da<\/li>\n<li>V primeru, da je otrok zaradi bolezni ali po\u0161kodbe ali vnaprej\u0161nje napovedi star\u0161ev, odsoten s treningov 10 ali ve\u010d delovnih dni v mesecu, se za tisti mesec obra\u010duna polovi\u010dna \u0161olnina<\/li>\n<li>V primeru, da je otrok zaradi bolezni ali po\u0161kodbe ali vnaprej\u0161nje napovedi star\u0161ev, odsoten s treningov ve\u010d kot 20 ali ve\u010d delovnih dni v mesecu , se za tisti teko\u010di mesec obra\u010dunajo le administrativni stro\u0161ki v vi\u0161ini 30 EUR.<\/li>\n<\/ul>\n<ol start=\"5\">\n<li><strong>Odpovedni rok:<\/strong><\/li>\n<\/ol>\n<ul>\n<li>Vsako prekinitev sodelovanja, je potrebno pisno sporo\u010diti na sede\u017e TK Olimpija ali oddati otrokovemu trenerju najmanj 2 meseca v naprej. V nasprotnem primeru se poleg \u0161olnine za teko\u010di mesec, zara\u010duna tudi 2x \u0161olnina v polni vrednosti.<\/li>\n<\/ul>\n<ol start=\"6\">\n<li><strong> Zbiranje osebnih podatkov in dovoljenje za javno objavljanje<\/strong><\/li>\n<\/ol>\n<p style=\"padding-left: 40px;\">Dovoljujem zbiranje, obdelavo in uporabo mojih osebnih podatkov, ali podatkov mojega otroka, za potrebe delovanja Tenis kluba Olimpije. Klub je pri tem dol\u017ean ravnati v skladu z uredbo EU o varstvu podatkov (GDPR), in sicer do mojega pisnega preklica delovanja. Dovoljujem tudi javno objavljanje slikovnega, video in zvo\u010dnega materiala, ki prikazuje dejavnost dru\u0161tva in vsebuje moje posnetke, do mojega pisnega preklica, tudi na dru\u017eabnih omre\u017ejih.<\/p>\n<p><strong><a href=\"http:\/\/www.tenisklubolimpija.si\/wp-content\/uploads\/2021\/12\/Vpisni-list-in-pristopna-izjava.pdf\">Prenesi splo\u0161ne pogoje in vpisni list &gt;&gt;\u00a0<\/a><\/strong><\/p>\n","protected":false},"excerpt":{"rendered":"<p>S to pristopno izjavo izjavljam, da poznam in sem seznanjen \u2013 a s statutom Teni\u0161kega kluba Olimpije (dostopno na naslovu www.tenisklubolimpija.si) in da v skladu z 8. \u010dlenom statuta Tenis kluba Olimpija, vstopam \/ obnavljam \u010dlanstvo v TK Olimpija. Star\u0161i in otroci se obvezujejo Mese\u010dne obveznosti bom pla\u010dal(a) najkasneje do 15. v mesecu za teko\u010di&#8230;<\/p>\n","protected":false},"author":1,"featured_media":2038,"parent":0,"menu_order":0,"comment_status":"closed","ping_status":"closed","template":"elementor_canvas","meta":[],"translation":{"provider":"WPGlobus","version":"2.12.2","language":"en","enabled_languages":["si","en"],"languages":{"si":{"title":true,"content":true,"excerpt":false},"en":{"title":false,"content":false,"excerpt":false}}},"_links":{"self":[{"href":"http:\/\/www.tenisklubolimpija.si\/en\/wp-json\/wp\/v2\/pages\/2549"}],"collection":[{"href":"http:\/\/www.tenisklubolimpija.si\/en\/wp-json\/wp\/v2\/pages"}],"about":[{"href":"http:\/\/www.tenisklubolimpija.si\/en\/wp-json\/wp\/v2\/types\/page"}],"author":[{"embeddable":true,"href":"http:\/\/www.tenisklubolimpija.si\/en\/wp-json\/wp\/v2\/users\/1"}],"replies":[{"embeddable":true,"href":"http:\/\/www.tenisklubolimpija.si\/en\/wp-json\/wp\/v2\/comments?post=2549"}],"version-history":[{"count":6,"href":"http:\/\/www.tenisklubolimpija.si\/en\/wp-json\/wp\/v2\/pages\/2549\/revisions"}],"predecessor-version":[{"id":2780,"href":"http:\/\/www.tenisklubolimpija.si\/en\/wp-json\/wp\/v2\/pages\/2549\/revisions\/2780"}],"wp:featuredmedia":[{"embeddable":true,"href":"http:\/\/www.tenisklubolimpija.si\/en\/wp-json\/wp\/v2\/media\/2038"}],"wp:attachment":[{"href":"http:\/\/www.tenisklubolimpija.si\/en\/wp-json\/wp\/v2\/media?parent=2549"}],"curies":[{"name":"wp","href":"https:\/\/api.w.org\/{rel}","templated":true}]}}