{"id":2642,"date":"2021-04-20T15:41:06","date_gmt":"2021-04-20T13:41:06","guid":{"rendered":"http:\/\/www.tenisklubolimpija.si\/?page_id=2642"},"modified":"2026-03-16T11:21:07","modified_gmt":"2026-03-16T10:21:07","slug":"pocitniski-kampi","status":"publish","type":"page","link":"http:\/\/www.tenisklubolimpija.si\/en\/pocitniski-kampi\/","title":{"rendered":"Po\u010ditni\u0161ki kampi"},"content":{"rendered":"\t\t<div data-elementor-type=\"wp-page\" data-elementor-id=\"2642\" class=\"elementor elementor-2642\">\n\t\t\t\t\t\t<div class=\"elementor-inner\">\n\t\t\t\t<div class=\"elementor-section-wrap\">\n\t\t\t\t\t\t\t\t\t<section class=\"elementor-section elementor-top-section elementor-element elementor-element-b12c5db elementor-section-boxed elementor-section-height-default elementor-section-height-default\" data-id=\"b12c5db\" data-element_type=\"section\">\n\t\t\t\t\t\t<div class=\"elementor-container elementor-column-gap-default\">\n\t\t\t\t\t\t\t<div class=\"elementor-row\">\n\t\t\t\t\t<div class=\"elementor-column elementor-col-50 elementor-top-column elementor-element elementor-element-68e5764\" data-id=\"68e5764\" data-element_type=\"column\">\n\t\t\t<div class=\"elementor-column-wrap elementor-element-populated\">\n\t\t\t\t\t\t\t<div class=\"elementor-widget-wrap\">\n\t\t\t\t\t\t<div class=\"elementor-element elementor-element-a55dc17 elementor-widget elementor-widget-text-editor\" data-id=\"a55dc17\" data-element_type=\"widget\" data-widget_type=\"text-editor.default\">\n\t\t\t\t<div class=\"elementor-widget-container\">\n\t\t\t\t\t\t\t\t<div class=\"elementor-text-editor elementor-clearfix\">\n\t\t\t\t<p><span style=\"color: #000000;\"><strong>TENI\u0160KO POLETJE<\/strong> pod zmajevimi krili<\/span><br \/><span style=\"color: #000000;\">Program:<\/span><\/p><p><span style=\"color: #000000;\">\ud83c\udfbeJutro: Med 7. in 9.uro poskrbimo za ne\u017eno prebujanje v dan. Nekateri jo sicer urno uberejo na igri\u0161\u010de in igrajo tisti svoj tenis, ko \u017eoge letijo do vesolja in spet nazaj\u2026 a je zabavno, da ne more biti bolj. Nekateri se s svojimi skiroji zapodijo na pump track in zganjajo vragolije. \ud83d\ude33V\u010dasih moramo zalimati tudi kak\u0161en obli\u017e in obrisati solze\u2026 Nekateri tudi beremo pravljice, kartamo, igramo dru\u017eabne igre. Vsi pa zobamo hru\u0161ke, jabolka in korenje. Jane\u017e nam nape\u010de najbolj\u0161e, vedno hrustljave toast-e. Najbolj zagnane s sendvi\u010di kar lovi po igri\u0161\u010du, da bodo ja zajtrkovali.<\/span><\/p><p>\u00a0<\/p><p><span style=\"color: #000000;\">\ud83c\udfbe\u010cas za tenis: Ob 9h gremo na igri\u0161\u010de, kjer preko sodobne, prijazne metodologije pou\u010dujemo tenis, prilagojeno starostni skupini in sposobnostim otroka. Temelj na\u0161ega pou\u010devanja sta vzpodbuda in pohvala. Na izposojo je na voljo ne\u0161teto loparjev, zato nakup lastnega loparja ni potreben. Poskrbimo, da vsak igra s takim, ki je zanj najprimernej\u0161i. Otroke nau\u010dimo osnovnih udarcev, katere nato uporabijo v igri. V petek izvedemo turnir. Pravila prilagodimo glede na nivo igranja in ne silimo k sodelovanju. Tekmuje, kdor \u017eeli.<\/span><\/p><p><span style=\"color: #000000;\">\ud83c\udfbeKosilo: Do 12h je \u017ee kuhano kosilo, katerega skuhamo kar sami v na\u0161i kuhinji. Enkrat imamo makarone v bolognese omaki z veeeeliko parmezana, pa curry pi\u0161\u010dan\u010dka z ri\u017eem,\u2026 pa v petek imamo vedno piknik \u2013 pe\u010demo \u010devap\u010di\u010de in klobasice<\/span><br \/><span style=\"color: #000000;\">Upo\u0161tevamo alergije in okus..jasno nam je, da vsi ne jedo vsega .<\/span><\/p><p><span style=\"color: #000000;\">\ud83c\udfbePopoldanske aktivnosti: Po kosilu je \u010das za izlet in tudi mnoge druge kozlarije ;). Obiskali in krmili bomo srnice, ter opazovali divje svinje. Divje svinje imajo tudi mladi\u010dke, katerim re\u010demo pi\u017eamarji. Bredli bomo bomo po plitkem d\u017eungelskem potoku, se \u0161prical in kri\u010dali. V tolmunih bomo iskali glino, se mazali z njo in ustvarjali skulpture. Umazani in mokri bomo. Vozili se bomo z gokardi in priredili pravo tekmovanje. Hja, gokardi pa\u010d letijo toliko, kolikor hitro lahko poganja\u0161 in hkrati spretno \u0161ofira\u0161. Pekli bomo pala\u010dinke. Take bolj majhne, a na stotine. Komaj se zmenimo kdo bo pekel, kdo bo mazal. \u010ce bo de\u017e bomo uporabili telovadnico ali pokrita igri\u0161\u010da za odbojko na mivki. Ko bo peklo vro\u010de sonce se bomo \u0161pricali z vodo in uporabili drsalnico. Nato se bomo mokri vrgli v mivko in izgledali kot dunajski zrezki. V mivki bomo gradili tudi gradove in tunele in koga zakopali, da bo le glava gledala s peska. V\u010dasih nas Lenka krega, ker \u017eelimo v mivko zakopati kak\u0161ne predmete ali ker svojih mojstrovin ne \u017eelimo \u00bbuni\u010diti\u00ab ob koncu dneva, kjer bodo igri\u0161\u010de uporabili igralci odbojke na mivki. V\u010dasih se kar malo skregamo\u2026vsi bi radi, vsi bi radi!<\/span><br \/><span style=\"color: #000000;\">V tabor se vra\u010damo med 15. in 16.uro in furamo pump track, igramo odbojko na mivki, nogomet, ko\u0161arko in seveda tenis in padel. Te\u017eko nas je odvle\u010di iz igri\u0161\u010d in ni nam jasno, da moramo \u017ee domov.\u201d Mami, a lohk pride\u0161 mal kasnej pome?!\u201d<\/span><\/p><p><span style=\"color: #000000;\">\ud83c\udfbeV na\u0161ih programih je veliko otrok, ki prihajajo iz celega sveta; Japonske, Kitajske, Rusije, Armenije, Ukrajine, Anglije, Bolgarije, Francije, Srbije,\u2026.vsekakor najve\u010d iz Slovenije.<\/span><\/p><p><span style=\"color: #000000;\">Na\u0161e kulture se me\u0161ajo, izku\u0161amo eden drugega, navezujemo stike, govorimo tuje jezike, u\u010dimo slovensko. Vsi smo prijazni in gojimo spo\u0161tovanje. Vsi mi smo super in vsi smo si enaki.<\/span><\/p><p><span style=\"color: #000000;\">\ud83c\udfbeSkozi ves teden skrbimo za otrokovo samopodobo, razvijamo neodvisnost, poudarjamo solidarnost in enakost. Poskrbimo za vedre obraze in veliko glasnega smeha! Aja, aja, pa \u0161e to: ob petkih nam spe\u010dejo eno tono \u0161morna. Takega pravega cukrastega in putrovega\u2026 \u2026o, boh kok je to dobr\ud83d\udc9a<\/span><\/p><p><span style=\"color: #000000;\">\u2026ker NE VZGAJAMO LE TENISA\u010cEV, PREDVSEM VZGAJAMO LJUDI\ud83d\udc9a<\/span><\/p><p><span style=\"color: #000000;\">\ud83c\udfbe Cena: 200\u20ac ( 10%popust za \u010dlane TKO)<\/span><\/p><p><span style=\"color: #000000;\">ve\u010d info tudi osebno 041606015 (Alenka)<\/span><\/p><p><span style=\"color: #000000;\">Vse aktivnosti se bodo dogajale v (Spodnjih) \u010crnu\u010dah v LUDUS Beach park Ljubljana, \u0160landrova ulica 11.<\/span><\/p><p><span style=\"color: #000000;\"><strong>KONTAKT\/PRIJAVE<\/strong><\/span><br \/><span style=\"color: #000000;\">041 60 60 15 Alenka<\/span><br \/><span style=\"color: #000000;\">tkolimpija@siol.net<\/span><br \/><span style=\"color: #000000;\">www.tenisklubolimpija.si<\/span><\/p><p><span style=\"color: #000000;\">Vse aktivnosti se bodo dogajale v (spodnjih) \u010crnu\u010dah v LUDUS Beach park Ljubljana, \u0160landrova ulica 11.<\/span><\/p>\t\t\t\t\t<\/div>\n\t\t\t\t\t\t<\/div>\n\t\t\t\t<\/div>\n\t\t\t\t\t\t<\/div>\n\t\t\t\t\t<\/div>\n\t\t<\/div>\n\t\t\t\t<div class=\"elementor-column elementor-col-50 elementor-top-column elementor-element elementor-element-a8a904e\" data-id=\"a8a904e\" data-element_type=\"column\">\n\t\t\t<div class=\"elementor-column-wrap elementor-element-populated\">\n\t\t\t\t\t\t\t<div class=\"elementor-widget-wrap\">\n\t\t\t\t\t\t<div class=\"elementor-element elementor-element-8492aca elementor-button-danger elementor-widget elementor-widget-button\" data-id=\"8492aca\" data-element_type=\"widget\" data-widget_type=\"button.default\">\n\t\t\t\t<div class=\"elementor-widget-container\">\n\t\t\t\t\t<div class=\"elementor-button-wrapper\">\n\t\t\t<a href=\"\/prijava-na-tenisko-poletje\/\" class=\"elementor-button-link elementor-button elementor-size-sm\" role=\"button\">\n\t\t\t\t\t\t<span class=\"elementor-button-content-wrapper\">\n\t\t\t\t\t\t<span class=\"elementor-button-text\">Prijavi se >><\/span>\n\t\t<\/span>\n\t\t\t\t\t<\/a>\n\t\t<\/div>\n\t\t\t\t<\/div>\n\t\t\t\t<\/div>\n\t\t\t\t<div class=\"elementor-element elementor-element-2c3e6fd elementor-widget elementor-widget-image\" data-id=\"2c3e6fd\" data-element_type=\"widget\" data-widget_type=\"image.default\">\n\t\t\t\t<div class=\"elementor-widget-container\">\n\t\t\t\t\t\t\t\t<div class=\"elementor-image\">\n\t\t\t\t\t\t\t\t\t\t\t\t<img decoding=\"async\" width=\"730\" height=\"1024\" src=\"http:\/\/www.tenisklubolimpija.si\/wp-content\/uploads\/2025\/04\/Tenisko-poletje_SLO-2025-730x1024.jpg\" class=\"attachment-large size-large wp-image-2909\" alt=\"\" loading=\"lazy\" srcset=\"http:\/\/www.tenisklubolimpija.si\/wp-content\/uploads\/2025\/04\/Tenisko-poletje_SLO-2025-730x1024.jpg 730w, http:\/\/www.tenisklubolimpija.si\/wp-content\/uploads\/2025\/04\/Tenisko-poletje_SLO-2025-214x300.jpg 214w, http:\/\/www.tenisklubolimpija.si\/wp-content\/uploads\/2025\/04\/Tenisko-poletje_SLO-2025-768x1077.jpg 768w, http:\/\/www.tenisklubolimpija.si\/wp-content\/uploads\/2025\/04\/Tenisko-poletje_SLO-2025-1095x1536.jpg 1095w, http:\/\/www.tenisklubolimpija.si\/wp-content\/uploads\/2025\/04\/Tenisko-poletje_SLO-2025-1460x2048.jpg 1460w, http:\/\/www.tenisklubolimpija.si\/wp-content\/uploads\/2025\/04\/Tenisko-poletje_SLO-2025-680x954.jpg 680w, http:\/\/www.tenisklubolimpija.si\/wp-content\/uploads\/2025\/04\/Tenisko-poletje_SLO-2025-scaled.jpg 1825w\" sizes=\"(max-width: 730px) 100vw, 730px\" \/>\t\t\t\t\t\t\t\t\t\t\t\t\t\t<\/div>\n\t\t\t\t\t\t<\/div>\n\t\t\t\t<\/div>\n\t\t\t\t<div class=\"elementor-element elementor-element-a29cfc4 elementor-widget elementor-widget-image\" data-id=\"a29cfc4\" data-element_type=\"widget\" data-widget_type=\"image.default\">\n\t\t\t\t<div class=\"elementor-widget-container\">\n\t\t\t\t\t\t\t\t<div class=\"elementor-image\">\n\t\t\t\t\t\t\t\t\t\t\t\t<img decoding=\"async\" width=\"730\" height=\"1024\" src=\"http:\/\/www.tenisklubolimpija.si\/wp-content\/uploads\/2025\/04\/Tenisko-poletje_ANG-2025-730x1024.jpg\" class=\"attachment-large size-large wp-image-2911\" alt=\"\" loading=\"lazy\" srcset=\"http:\/\/www.tenisklubolimpija.si\/wp-content\/uploads\/2025\/04\/Tenisko-poletje_ANG-2025-730x1024.jpg 730w, http:\/\/www.tenisklubolimpija.si\/wp-content\/uploads\/2025\/04\/Tenisko-poletje_ANG-2025-214x300.jpg 214w, http:\/\/www.tenisklubolimpija.si\/wp-content\/uploads\/2025\/04\/Tenisko-poletje_ANG-2025-768x1077.jpg 768w, http:\/\/www.tenisklubolimpija.si\/wp-content\/uploads\/2025\/04\/Tenisko-poletje_ANG-2025-1095x1536.jpg 1095w, http:\/\/www.tenisklubolimpija.si\/wp-content\/uploads\/2025\/04\/Tenisko-poletje_ANG-2025-1460x2048.jpg 1460w, http:\/\/www.tenisklubolimpija.si\/wp-content\/uploads\/2025\/04\/Tenisko-poletje_ANG-2025-680x954.jpg 680w, http:\/\/www.tenisklubolimpija.si\/wp-content\/uploads\/2025\/04\/Tenisko-poletje_ANG-2025-scaled.jpg 1825w\" sizes=\"(max-width: 730px) 100vw, 730px\" \/>\t\t\t\t\t\t\t\t\t\t\t\t\t\t<\/div>\n\t\t\t\t\t\t<\/div>\n\t\t\t\t<\/div>\n\t\t\t\t\t\t<\/div>\n\t\t\t\t\t<\/div>\n\t\t<\/div>\n\t\t\t\t\t\t\t\t<\/div>\n\t\t\t\t\t<\/div>\n\t\t<\/section>\n\t\t\t\t\t\t\t\t\t<\/div>\n\t\t\t<\/div>\n\t\t\t\t\t<\/div>\n\t\t","protected":false},"excerpt":{"rendered":"<p>TENI\u0160KO POLETJE pod zmajevimi krili Program: \ud83c\udfbeJutro: Med 7. in 9.uro poskrbimo za ne\u017eno prebujanje v dan. Nekateri jo sicer urno uberejo na igri\u0161\u010de in igrajo tisti svoj tenis, ko \u017eoge letijo do vesolja in spet nazaj\u2026 a je zabavno, da ne more biti bolj. Nekateri se s svojimi skiroji zapodijo na pump track in&#8230;<\/p>\n","protected":false},"author":1,"featured_media":2038,"parent":0,"menu_order":0,"comment_status":"closed","ping_status":"closed","template":"visual-composer.php","meta":[],"translation":{"provider":"WPGlobus","version":"2.12.2","language":"en","enabled_languages":["si","en"],"languages":{"si":{"title":true,"content":true,"excerpt":false},"en":{"title":false,"content":false,"excerpt":false}}},"_links":{"self":[{"href":"http:\/\/www.tenisklubolimpija.si\/en\/wp-json\/wp\/v2\/pages\/2642"}],"collection":[{"href":"http:\/\/www.tenisklubolimpija.si\/en\/wp-json\/wp\/v2\/pages"}],"about":[{"href":"http:\/\/www.tenisklubolimpija.si\/en\/wp-json\/wp\/v2\/types\/page"}],"author":[{"embeddable":true,"href":"http:\/\/www.tenisklubolimpija.si\/en\/wp-json\/wp\/v2\/users\/1"}],"replies":[{"embeddable":true,"href":"http:\/\/www.tenisklubolimpija.si\/en\/wp-json\/wp\/v2\/comments?post=2642"}],"version-history":[{"count":68,"href":"http:\/\/www.tenisklubolimpija.si\/en\/wp-json\/wp\/v2\/pages\/2642\/revisions"}],"predecessor-version":[{"id":2950,"href":"http:\/\/www.tenisklubolimpija.si\/en\/wp-json\/wp\/v2\/pages\/2642\/revisions\/2950"}],"wp:featuredmedia":[{"embeddable":true,"href":"http:\/\/www.tenisklubolimpija.si\/en\/wp-json\/wp\/v2\/media\/2038"}],"wp:attachment":[{"href":"http:\/\/www.tenisklubolimpija.si\/en\/wp-json\/wp\/v2\/media?parent=2642"}],"curies":[{"name":"wp","href":"https:\/\/api.w.org\/{rel}","templated":true}]}}