{"id":2648,"date":"2021-04-20T15:45:39","date_gmt":"2021-04-20T13:45:39","guid":{"rendered":"http:\/\/www.tenisklubolimpija.si\/?page_id=2648"},"modified":"2021-04-20T15:47:27","modified_gmt":"2021-04-20T13:47:27","slug":"vi-o-nas","status":"publish","type":"page","link":"http:\/\/www.tenisklubolimpija.si\/en\/vi-o-nas\/","title":{"rendered":"Vi o nas"},"content":{"rendered":"\t\t<div data-elementor-type=\"wp-page\" data-elementor-id=\"2648\" class=\"elementor elementor-2648\">\n\t\t\t\t\t\t<div class=\"elementor-inner\">\n\t\t\t\t<div class=\"elementor-section-wrap\">\n\t\t\t\t\t\t\t\t\t<section class=\"elementor-section elementor-top-section elementor-element elementor-element-2f5c10d elementor-section-boxed elementor-section-height-default elementor-section-height-default\" data-id=\"2f5c10d\" data-element_type=\"section\">\n\t\t\t\t\t\t<div class=\"elementor-container elementor-column-gap-default\">\n\t\t\t\t\t\t\t<div class=\"elementor-row\">\n\t\t\t\t\t<div class=\"elementor-column elementor-col-100 elementor-top-column elementor-element elementor-element-fbf8bce\" data-id=\"fbf8bce\" data-element_type=\"column\">\n\t\t\t<div class=\"elementor-column-wrap elementor-element-populated\">\n\t\t\t\t\t\t\t<div class=\"elementor-widget-wrap\">\n\t\t\t\t\t\t<div class=\"elementor-element elementor-element-bbde26d elementor-widget elementor-widget-strong_testimonials_elementor_views\" data-id=\"bbde26d\" data-element_type=\"widget\" data-widget_type=\"strong_testimonials_elementor_views.default\">\n\t\t\t\t<div class=\"elementor-widget-container\">\n\t\t\t<div class=\"strong-view strong-view-id-1 default wpmtst-default slider-container slider-mode-fade slider-adaptive controls-style-buttons nav-position-inside\" data-count=10 data-slider-var=strong_slider_id_1 data-state=idle><div class=\"strong-content wpmslider-content\"><div class=\"wpmtst-testimonial testimonial t-slide post-2586\"><div class=\"wpmtst-testimonial-inner testimonial-inner\"><div data-infinite-loop=\"true\"   class=\"wpmtst-testimonial-content testimonial-content\"><div class=\"maybe-clear\"><\/div><p style=\"text-align: center;\"><strong>BERT PRELEC<\/strong><\/p><p>Teni\u0161ki klub Olimpija je te\u017eko opisati samo z eno besedo, vendar moja izbira je zmeraj dru\u017eina. V svojih 10 letih igranja pri Olimpiji sem se nau\u010dil veliko stvari, ki jih \u0161e dandanes kot 23 letnik apliciram v vsakdanjem \u017eivljenju. Vsem trenerjem in ostalim sodelujo\u010dim sem lahko hvale\u017een za vsako minuto odigranega tenisa, vsako minuto smeha in za vsako minuto spominov, ki me spremljajo na vsakem koraku. Kot &#8220;mulca&#8221; so me na Olimpiji nau\u010dili biti strpen do vrstnikov, nau\u010dili so me bontona, nau\u010dili so me igrati tenis, v glavnem pa so me nau\u010dili, da se je v \u017eivljenju klju\u010dno zabavati in smeh deliti z ljudmi okoli nas.<br \/>\nHvala Olimpija, hvala Lenkica in Grega\u2764\ufe0f<\/p><\/div><div class=\"clear\"><\/div><\/div><\/div><div class=\"wpmtst-testimonial testimonial t-slide post-2591\"><div class=\"wpmtst-testimonial-inner testimonial-inner\"><div data-infinite-loop=\"true\"   class=\"wpmtst-testimonial-content testimonial-content\"><div class=\"maybe-clear\"><\/div><p style=\"text-align: center;\"><strong>AGATA BLAGOTIN\u0160EK IN PATRICIA PIRC<\/strong><\/p><p style=\"text-align: center;\">&#8220;Treningi na TKO-ju so bili za naju vedno veliko ve\u010d kot samo tenis. Od tam sva odnesli krasen zgled pozitivno naravnane ekipe oz. skupnosti, kjer smo bili vsi, otroci in odrasli, sprejeti. Grega se nam je vedno maksimalno posvetil, in to ne samo kar se ti\u010de treniranja tenisa, ampak tudi vzgoje nasploh. Vedno mu je bilo mar za nas kot osebe in u\u010dil nas je, da niti slu\u010dajno ni pomembna (samo) zmaga, ampak celotna pot do nje. In da je v resnici bolj kot zmaga pomembno, koliko se iz igre nau\u010dimo. Ni bilo spodbujanja rivalstva med nami, ampak so bila tekmovanja del vzgoje.<\/p><p style=\"text-align: center;\">Takega odnosa nisva do\u017eiveli pri nobenem drugem trenerju pred ali za njim. Alenka in Gregor sta srce TKO-ja in to t\u00e1ko, ki bije za otroke v klubu. \u010ce pelje\u0161 svoje otroke v TKO, ve\u0161, da jim je lepo, da rastejo kot ljudje, da se u\u010dijo spo\u0161tljivega odnosa do so\u010dloveka in samega sebe, da \u0161irijo obzorja in da dobijo vrhunski trening tenisa, poleg tega pa se \u0161e zabavajo ob igri.<\/p><p style=\"text-align: center;\">TKO na kratko je torej: dru\u017eenje, spodbujanje,\u00a0timski duh. Najbolj\u0161a mo\u017ena popotnica za \u017eivljenje!&#8221;<\/p><\/div><div class=\"clear\"><\/div><\/div><\/div><div class=\"wpmtst-testimonial testimonial t-slide post-2593\"><div class=\"wpmtst-testimonial-inner testimonial-inner\"><div data-infinite-loop=\"true\"   class=\"wpmtst-testimonial-content testimonial-content\"><div class=\"maybe-clear\"><\/div><p style=\"text-align: center;\"><strong>DRAGO<\/strong><\/p><p style=\"text-align: center;\">&#8220;Ko je bila h\u010derka mala, smo jo \u017eeleli uvesti v svet tenisa. Da bi izbral najbolj\u0161i klub, sem se oglasil pri tenis klubu Olimpija. Klubi z imenom Olimpija so bili v \u0161portu dobro zapisani. Ko sem pri\u0161el k njim, so imeli ravno zaklju\u010dek nekega tekmovanja. Navdu\u0161ili so me in po kon\u010danem tekmovanju sem pristopil k Gregorju; dogovorila sva se, da h\u010di lahko za\u010dne s treningi.&#8221;<\/p><\/div><div class=\"clear\"><\/div><\/div><\/div><div class=\"wpmtst-testimonial testimonial t-slide post-2595\"><div class=\"wpmtst-testimonial-inner testimonial-inner\"><div data-infinite-loop=\"true\"   class=\"wpmtst-testimonial-content testimonial-content\"><div class=\"maybe-clear\"><\/div><p style=\"text-align: center;\"><strong>DAVID PETROVI\u010c<\/strong><\/p><p style=\"text-align: center;\">Pri Olimpiji sem treniral pribli\u017eno 10 let. V tem \u010dasu mi je sicer tenis zelo prirasel k srcu, predvsem pa mi je klub predstavljal toplo okolje, v katerem sem spoznal mnogo prijateljev in do\u017eivel ne\u0161teto nepozabnih izku\u0161enj. \u010ce sem imel slab dan, ki jih v \u017eivljenju vsakega najstnika ni ravno malo, so mi treningi na Olimpiji omogo\u010dali odmik od vsakdanjih te\u017eav in sprostitev.<br \/>\nOlimpije pa nimam v dobrem spominu le zaradi \u0161porta samega. Nikoli ne bom pozabil pogovorov s poti na treninge in tekme z Alenko in Gregorjem, na katerih sta mi pomagala priti do odgovorov na mnoga \u201cmladostni\u0161ka vpra\u0161anja\u201d in mi nudila oporo, ko sem le to rabil. Prav zato Olimpije nebi opisal le kot teni\u0161ki klub, temve\u010d kot DRU\u017dINO.<\/p><\/div><div class=\"clear\"><\/div><\/div><\/div><div class=\"wpmtst-testimonial testimonial t-slide post-2596\"><div class=\"wpmtst-testimonial-inner testimonial-inner\"><div data-infinite-loop=\"true\"   class=\"wpmtst-testimonial-content testimonial-content\"><div class=\"maybe-clear\"><\/div><p style=\"text-align: center;\"><strong>JAN DOBNIKAR<\/strong><\/p><p style=\"text-align: center;\">Iskrenost, tovari\u0161tvo, disciplina. TK Olimpija je trdnjava dobrih vrednot in valilnica \u0161e bolj\u0161ih ljudi.<br \/>\nPrijateljstva, sklenjena na zdrobljeni opeki pred Tivolijem, odmevajo \u0161e dolgo po zadnjem prekri\u017eanju loparjev.<br \/>\nZato mi bodo dnevi, ki sem jih tam prezivel v dru\u017ebi soigralcev in trenerjev,<br \/>\ncelo \u017eivljenje ostali v lepem spominu.<\/p><\/div><div class=\"clear\"><\/div><\/div><\/div><div class=\"wpmtst-testimonial testimonial t-slide post-2597\"><div class=\"wpmtst-testimonial-inner testimonial-inner\"><div data-infinite-loop=\"true\"   class=\"wpmtst-testimonial-content testimonial-content\"><div class=\"maybe-clear\"><\/div><p style=\"text-align: center;\"><strong>LUKAS BLAGUS SMONIG<\/strong><\/p><p style=\"text-align: center;\">Moji spomini na teniski klub olimpija so odlicni. Treningi so bili zmeraj zelo raznoliki \u2013 poceli smo vse od teniske taktike, tehnike, kondicijskem treninge, analiza video posnetkov itd. Poleg tenisa smo igrali tudi ogromno drugih sportov. Pozimi smo sli tudi smucat ter bordat skupaj. Poleti so bili organizirani teniski kampi \u2013 in pa izleti po teniskih turnirjih, tudi v tujini. Velikokrat smo se druzili izven kluba z ostalimi igralci ter trenerji ter ustvarili prijateljstvo.<br \/>\nVse to skupaj mi je bilo zelo pri srcu. Sem tudi preprican da mi vsa ta igra in motoricna dinamika ki smo jo razvijali tudi danes zelo pomaga pri tenisu vseh ostalih sportih.<br \/>\nV klubu Olimpija je bilo vsekakor zmeraj veliko povdarka na vzgajanju ljudi ter na pristopu k sportu kar se tice vedenja na ter izven igrisca. Osebno sem v klubu imel tudi zelo dober vzor, in sicer Alenko ter Grego, ki sta v praksi tudi sama starsa ter nas vzgajala tako kot svoje druzinske clane.<br \/>\nJaz sem se poslovil od olimpije pri 15 letih zaradi selitve v tujino. Od takrat naprej mi je tenis zmeraj stal ob strani ter mi je se vedno najljubsi sport. Se vedno igram tenisko ligo. Vsakic ko vidim kaksno staro sliko iz olimpija kluba se nasmejim ter se spomnim lepih casov. Zaradi tega tudi pripororocam teniski klub olimpija in verjamem da bo tudi nova generacija tako uzivala ob trenirnaju tenisa in predvsem ustvarjanju karakteja ter osebnosti, ki jo potrebuje vsak otrok.<\/p><\/div><div class=\"clear\"><\/div><\/div><\/div><div class=\"wpmtst-testimonial testimonial t-slide post-2598\"><div class=\"wpmtst-testimonial-inner testimonial-inner\"><div data-infinite-loop=\"true\"   class=\"wpmtst-testimonial-content testimonial-content\"><div class=\"maybe-clear\"><\/div><p class=\"Standard\" style=\"text-align: center;\"><strong><span lang=\"SL\">TINA BOHORI\u010c<\/span><\/strong><\/p><p class=\"Standard\" style=\"text-align: center;\"><span lang=\"SL\">Mnogi me poznajo po imenu Tina Obrez, \u010deprav se danes pi\u0161em Bohori\u010d. Neko\u010d sem igrala tenis. Toda nikoli mi ne bi uspelo brez Teni\u0161kega kluba Olimpija \u2026 V Olimpijo sem pri\u0161la, ko mi je bilo osem let. Tedaj sploh \u0161e nisem dobro vedela, s \u010dim bi se raje ukvarjala. Zelo sem si \u017eelela trenirati rokomet, a so rekli, da sem \u0161e premlada. Mami me je potem usmerila v tenis in rekla sem si: \u2019Zakaj pa ne?\u2019 Kar je sledilo, je bila dolga zgodba, ki je za vedno zaznamovala moje \u017eivljenje. Gromozanske zasluge pri tem ima prav TK Olimpija. V veliki meri to velja za Gregorja Matka, ki je kot moj trener name \u0161e posebej vplival. Ves \u010das me je usmerjal na pravo pot, mi dajal prepotrebna navodila in name prena\u0161al teni\u0161ko znanje, ki sem ga kasneje s pridom koristila. Imela sva prav poseben odnos, \u010deprav bo on verjetno rekel, da je zaradi mene prebedel marsikatero no\u010d &#8230;:)<\/span><\/p><p class=\"Standard\" style=\"text-align: center;\"><span lang=\"SL\">Kot \u010dlanica TK Olimpija sem tekmovala na \u0161tevilnih turnirjih in se z marsikaterega vrnila s pokalom, medaljo. Pri dvanajstih sem zmagala na turnirju Nike Junior Tour, trikrat sem bila tudi dr\u017eavna prvakinja; enkrat v kategoriji do 18 let, dvakrat v \u010dlanski kategoriji. Hkrati sem bila osemkrat dr\u017eavna prvakinja med dvojicami (dvakrat do 14 let, dvakrat do 16 let, enkrat do 18 let, trikrat v \u010dlanski kategoriji). Lahko se pohvalim z dvema zmagama na ITF turnirjih, in sicer v kraju Herceg Novi v Srbiji ter v hrva\u0161kem Dubrovniku. V dvojicah sem se dokopala do \u0161estih zmag na turnirjih ITF. Moja najbolj\u0161a uvrstitev na lestvici WTA je bilo 489. mesto, med dvojicami sem se najvi\u0161je prebila do 447. mesta. Leta 2004 sem bila z Ma\u0161o Zec Pe\u0161kiri\u010d in Polono Reber\u0161ak tudi mladinska evropska prvakinja, potem ko smo na turnirju v Franciji v finalu premagali gostiteljice. <\/span><span lang=\"SL\">\u00a0<\/span><\/p><p class=\"Standard\" style=\"text-align: center;\"><span lang=\"SL\">Ob vsem tem se lahko pohvalim tudi z dvema nastopoma za \u010dlansko \u017eensko reprezentanco v pokalu FED in naslovom ekipnih dr\u017eavnih prvakinj z Olimpijo v letu 2005. Ponosna in vesela sem, da sem lahko toliko \u010dasa pre\u017eivela v TK Olimpija, kjer sem se vedno po\u010dutila izjemno. Kot doma. In se tako po\u010dutim \u0161e danes, ko pod budnim o\u010desom Gregorja in ostalih marljivih klubskih trenerjev zdaj svojo teni\u0161ko kariero za\u010denja tudi moja h\u010derka Brina. Bolj\u0161ega okolja zanjo si ne bi mogla niti zamisliti.<\/span><\/p><\/div><div class=\"clear\"><\/div><\/div><\/div><div class=\"wpmtst-testimonial testimonial t-slide post-2599\"><div class=\"wpmtst-testimonial-inner testimonial-inner\"><div data-infinite-loop=\"true\"   class=\"wpmtst-testimonial-content testimonial-content\"><div class=\"maybe-clear\"><\/div><p style=\"text-align: center;\"><strong>TOUSANDS<\/strong><\/p><p style=\"text-align: center;\">Kako lep \u010das mo pre\u017eiveli v Tenis klubu Olimpija, kjer so na\u0161i otroci pri\u010deli z u\u010denjem tenisa. Zahvaljujo\u010di Alenki za najmlaj\u0161a fanta in Gregorju za najstarej\u0161ega. In kako smo se zabavali me tekmovanji&#8230;neverjetno prijateljsko vzdu\u0161je. \u0160e bolj\u0161e kot doma. Kako bi si \u017eeleli ponovno \u017eiveti v Sloveniji in deliti to \u0161portno prijateljstvo z va\u0161o ekipo.<\/p><p style=\"text-align: center;\">Ostanite dobro. Po\u0161iljamo veliko ljubezni, na\u0161i dragi prijatelji.<\/p><\/div><div class=\"clear\"><\/div><\/div><\/div><div class=\"wpmtst-testimonial testimonial t-slide post-2600\"><div class=\"wpmtst-testimonial-inner testimonial-inner\"><div data-infinite-loop=\"true\"   class=\"wpmtst-testimonial-content testimonial-content\"><div class=\"maybe-clear\"><\/div><p style=\"text-align: center;\"><strong>URBAN \u010cE\u010c<\/strong><\/p><p style=\"text-align: center;\">Pri TK olimpija sem aktivno treniral nekaj vec kot sest let. V tem casu nisem pridobil le visjega znanja tenisa vendar mnogo vec, kar je, po mojem mnenju, pripomoglo tudi k uspehom kasnejse v zivljenju. V TK Olimpija je vedno prevladovalo prijateljsko in kolegialno vzdusje, kar je vodilo v prijetno okolje prezivljanja prostega casa in hobija, ki ga bom prakticiral se dolga leta.<\/p><p style=\"text-align: center;\">Po koncani gimnaziji sem solanje nadaljeval v tujini, kjer sem zakljucil univerzitetni studij in se kasneje zaposlil kot prometni pilot v eni vecjih letalskih druzb v Evropi.<\/p><\/div><div class=\"clear\"><\/div><\/div><\/div><div class=\"wpmtst-testimonial testimonial t-slide post-2601\"><div class=\"wpmtst-testimonial-inner testimonial-inner\"><div data-infinite-loop=\"true\"   class=\"wpmtst-testimonial-content testimonial-content\"><div class=\"maybe-clear\"><\/div><p style=\"text-align: center;\"><strong>VASILJKA \u0160MITEK<\/strong><\/p><p style=\"text-align: center;\">&#8220;Na Olimpiji pravijo, da je tenis igra za vse \u017eivljenje in to se je izkazalo za resni\u010dno na ve\u010d nivojih, predvsem pa ostaja najbolj\u0161i na\u010din integracije v novo okolje. Ampak tenis na Olimpiji je bil ve\u010d kot to. Spletla so se prijateljstva, ki trajajo \u0161e danes, pognali smo skupne korenine, h katerim se velikokrat vra\u010damo, tako da je vsak od nas prakti\u010dno pridobil \u0161e eno dru\u017eino. &#8220;<\/p><\/div><div class=\"clear\"><\/div><\/div><\/div><\/div><\/div>\t\t<\/div>\n\t\t\t\t<\/div>\n\t\t\t\t<div class=\"elementor-element elementor-element-2b6de54 elementor-widget elementor-widget-spacer\" data-id=\"2b6de54\" data-element_type=\"widget\" data-widget_type=\"spacer.default\">\n\t\t\t\t<div class=\"elementor-widget-container\">\n\t\t\t\t\t<div class=\"elementor-spacer\">\n\t\t\t<div class=\"elementor-spacer-inner\"><\/div>\n\t\t<\/div>\n\t\t\t\t<\/div>\n\t\t\t\t<\/div>\n\t\t\t\t\t\t<\/div>\n\t\t\t\t\t<\/div>\n\t\t<\/div>\n\t\t\t\t\t\t\t\t<\/div>\n\t\t\t\t\t<\/div>\n\t\t<\/section>\n\t\t\t\t\t\t\t\t\t<\/div>\n\t\t\t<\/div>\n\t\t\t\t\t<\/div>\n\t\t","protected":false},"excerpt":{"rendered":"BERT PRELECTeni\u0161ki klub Olimpija je te\u017eko opisati samo z eno besedo, vendar moja izbira je zmeraj dru\u017eina. V svojih 10 letih igranja pri Olimpiji sem se nau\u010dil veliko stvari, ki jih \u0161e dandanes kot 23 letnik apliciram v vsakdanjem \u017eivljenju. Vsem trenerjem in ostalim sodelujo\u010dim sem lahko hvale\u017een za vsako minuto odigranega tenisa, vsako minuto...","protected":false},"author":1,"featured_media":2038,"parent":0,"menu_order":0,"comment_status":"closed","ping_status":"closed","template":"visual-composer.php","meta":[],"translation":{"provider":"WPGlobus","version":"2.12.2","language":"en","enabled_languages":["si","en"],"languages":{"si":{"title":true,"content":true,"excerpt":false},"en":{"title":false,"content":false,"excerpt":false}}},"_links":{"self":[{"href":"http:\/\/www.tenisklubolimpija.si\/en\/wp-json\/wp\/v2\/pages\/2648"}],"collection":[{"href":"http:\/\/www.tenisklubolimpija.si\/en\/wp-json\/wp\/v2\/pages"}],"about":[{"href":"http:\/\/www.tenisklubolimpija.si\/en\/wp-json\/wp\/v2\/types\/page"}],"author":[{"embeddable":true,"href":"http:\/\/www.tenisklubolimpija.si\/en\/wp-json\/wp\/v2\/users\/1"}],"replies":[{"embeddable":true,"href":"http:\/\/www.tenisklubolimpija.si\/en\/wp-json\/wp\/v2\/comments?post=2648"}],"version-history":[{"count":7,"href":"http:\/\/www.tenisklubolimpija.si\/en\/wp-json\/wp\/v2\/pages\/2648\/revisions"}],"predecessor-version":[{"id":2655,"href":"http:\/\/www.tenisklubolimpija.si\/en\/wp-json\/wp\/v2\/pages\/2648\/revisions\/2655"}],"wp:featuredmedia":[{"embeddable":true,"href":"http:\/\/www.tenisklubolimpija.si\/en\/wp-json\/wp\/v2\/media\/2038"}],"wp:attachment":[{"href":"http:\/\/www.tenisklubolimpija.si\/en\/wp-json\/wp\/v2\/media?parent=2648"}],"curies":[{"name":"wp","href":"https:\/\/api.w.org\/{rel}","templated":true}]}}