{"id":2851,"date":"2024-04-03T12:03:20","date_gmt":"2024-04-03T10:03:20","guid":{"rendered":"http:\/\/www.tenisklubolimpija.si\/?page_id=2851"},"modified":"2024-04-03T12:37:35","modified_gmt":"2024-04-03T10:37:35","slug":"kodeks-zascite-otrok-pred-zlorabo","status":"publish","type":"page","link":"http:\/\/www.tenisklubolimpija.si\/en\/kodeks-zascite-otrok-pred-zlorabo\/","title":{"rendered":"KODEKS ZA\u0160\u010cITE OTROK PRED ZLORABO"},"content":{"rendered":"\t\t<div data-elementor-type=\"wp-page\" data-elementor-id=\"2851\" class=\"elementor elementor-2851\">\n\t\t\t\t\t\t<div class=\"elementor-inner\">\n\t\t\t\t<div class=\"elementor-section-wrap\">\n\t\t\t\t\t\t\t\t\t<section class=\"elementor-section elementor-top-section elementor-element elementor-element-b78acab elementor-section-full_width elementor-section-height-default elementor-section-height-default\" data-id=\"b78acab\" data-element_type=\"section\">\n\t\t\t\t\t\t<div class=\"elementor-container elementor-column-gap-default\">\n\t\t\t\t\t\t\t<div class=\"elementor-row\">\n\t\t\t\t\t<div class=\"elementor-column elementor-col-100 elementor-top-column elementor-element elementor-element-1353b7c\" data-id=\"1353b7c\" data-element_type=\"column\">\n\t\t\t<div class=\"elementor-column-wrap elementor-element-populated\">\n\t\t\t\t\t\t\t<div class=\"elementor-widget-wrap\">\n\t\t\t\t\t\t<div class=\"elementor-element elementor-element-a36c685 elementor-widget__width-initial elementor-widget elementor-widget-text-editor\" data-id=\"a36c685\" data-element_type=\"widget\" data-widget_type=\"text-editor.default\">\n\t\t\t\t<div class=\"elementor-widget-container\">\n\t\t\t\t\t\t\t\t<div class=\"elementor-text-editor elementor-clearfix\">\n\t\t\t\t<p><strong>TENIS KLUB OLIMPIJA <\/strong><\/p><p><strong>KODEKS ZA\u0160\u010cITE OTROK PRED ZLORABO<\/strong><\/p><p>Ta dokument dolo\u010da skupne vrednote, na\u010dela, in prepri\u010danja ter opisuje korake, ki bodo upo\u0161tevani pri izpolnjevanju na\u0161e zaveze za\u0161\u010dititi otroke.<\/p><p><strong>UVOD<\/strong><\/p><p>Na\u0161e vrednote, na\u010dela in prepri\u010danja<br \/>\u2022 Vsaka zloraba otrok vklju\u010duje pravico otrok<br \/>\u2022 Vsi otroci imajo enake pravice do za\u0161\u010dite pred zlorabo in izkori\u0161\u010danjem.<br \/>\u2022 Izbolj\u0161ati je treba polo\u017eaj vseh otrok s spodbujanjem njihovih pravic, kot je dolo\u010deno v Konvenciji ZN o pravicah otrok. To vklju\u010duje pravico do svobode pred zlorabo in izkori\u0161\u010danjem.<br \/>\u2022 Zloraba otrok ni nikoli sprejemljiva<br \/>\u2022 Zavezani smo k za\u0161\u010diti otrok s katerimi delamo<br \/>\u2022 Vsi partnerji in zunanji sodelavci kluba, imamo odgovornost izpolnjevanja standardov za\u0161\u010dite otrok v svojih programih in pristopih<\/p><p><strong>TENIS KLUB OLIMPIJA<\/strong> je lokalno, apoliti\u010dno \u0161portno zdru\u017eenje, \u010dlanica Teni\u0161ke zveze Slovenije.<br \/><strong>TENIS KLUB OLIMPIJA<\/strong> zavra\u010da in se bori proti nasilju, rasizmu, ksenofobiji, homofobiji in diskriminaciji na podlagi spola. Zavra\u010da in se bori proti uporabi, tudi ob\u010dasni, vseh vrst drog. Svoje poslanstvo v \u0161portu mladih opravlja, ne da bi za vsako ceno iskal rezultate in porazu pripisoval enako pedago\u0161ko vrednost kot zmagi, dose\u017eeni z zaslugami. <br \/><strong>TENIS KLUB OLIMPIJA<\/strong> v skladu s statutom in svojo zgodovino meni, da je nujno, da svojo funkcijo in poslanstvo usmeri na jasna eti\u010dna na\u010dela in pravila ravnanja, zavezujo\u010da za vse tiste, ki iz kakr\u0161nega koli razloga postanejo del sveta TKO, od katerega zahteva zgledno izpolnjevanje skupnih dol\u017enosti spo\u0161tovanja \u010dloveka, \u0161portne zvestobe, predanosti; spo\u0161tovanje pravil in avtoritete; strpnost; po\u0161tenost do drugih (\u0161portniki, star\u0161i, trenerji, vodje, sodniki, nasprotniki); spo\u0161tovanje v jeziku in dejanjih \u010dlove\u0161kih in verskih vrednot vsake vere.<\/p><p><strong>Eti\u010dna na\u010dela za \u0161portnike<\/strong><\/p><p><strong>\u0160portniki:<\/strong><br \/>\u2022 Se dosledno, zavzeto in ob spo\u0161tovanju urnikov udele\u017eujejo treningov, tekmovanj in drugih dogodkov, na katere jih povabi TKO;<br \/>\u2022 ne \u017ealijo, se ne nor\u010dujejo, ne omalova\u017eujejo ne nasprotnika, ne soigralca, ne sebe;<br \/>\u2022 ne uporabljajo zdravil ali substanc, ki lahko \u0161kodijo njihovemu zdravju, z namenom \u2013 spremeniti rezultat tekmovanja;<br \/>\u2022 spo\u0161tujejo pravila in odlo\u010ditve zvez, sodnikov in sodnikov;<br \/>\u2022 spo\u0161tujejo okolje in materiale, vklju\u010dno z dru\u017ebeno uniformo; vedno sprejemajo odlo\u010ditve trenerja in Zveze;<br \/>\u2022 poro\u010dajo o svojih opa\u017eanjih v orodjih za dialog in razpravo, ki jih pripravi TKO;<\/p><p><strong>Eti\u010dna na\u010dela za star\u0161e in dru\u017einske \u010dlane \u0161portnikov<\/strong><\/p><p><strong>Star\u0161i in dru\u017einski \u010dlani \u0161portnikov:<\/strong><br \/>\u2022 vedno spodbujajo \u0161portnike, brez razlikovanja in brez omejitve na lastne dru\u017einske \u010dlane;<br \/>\u2022 podpirajo \u0161portnike pri razumevanju in usmerjanju motivacije, stremljenj in pri\u010dakovanj v \u0161port;<br \/>\u2022 so zgled \u0161portnikom, s korektnim obna\u0161anjem v vsaki situaciji; svojih \u017eelja ne prena\u0161ajo na \u0161portnike;<br \/>\u2022 vzdr\u017eijo se kritiziranja trenerjev in vodstva Zveze v prisotnosti \u0161portnikov ali preko njim znanih komunikacijskih orodij in ne prevzemajo stali\u0161\u010d ali pobud, ki so v pristojnosti trenerjev in vodstva;<br \/>\u2022 \u010de imajo mo\u017enost ponudijo konkretno pomo\u010d pri podpori TKO, vsekakor pa dosledno spo\u0161tujejo ekonomske obveznosti, prevzete s prijavo svojega otroka v klub<br \/>\u2022 uporabljajo orodja za sodelovanje pri odlo\u010ditvah in dialogu, ki jih pripravlja TKO, da uveljavljajo svoja opa\u017eanja in perspektive, ki se jim zdijo primerne za \u0161portnike, tudi z morebitnimi prenosi na druga podjetja.<\/p><p><strong>Eti\u010dna na\u010dela za trenerje<\/strong><\/p><p><strong>Trenerji:<\/strong><br \/>\u2022 dosledno, zavzeto in ob spo\u0161tovanju urnikov se udele\u017eujejo treningov, tekmovanj in drugih dogodkov, na katere jih povabi TKO;<br \/>\u2022 nenehno skrbijo za osebno in strokovno posodabljanje;<br \/>\u2022 skrbno pripravljajo treninge in tekmovanja; intenzivnost in trajanje treninga umerjajo predvsem glede na starost in lastnosti \u0161portnikov in ekipe kot celote ter \u0161ele sekundarno glede na cilje, ki jih je treba dose\u010di; upravljajo ekipo, ki jim je zaupana, brez pristranskosti med \u0161portniki in na podlagi meril zaslug, enakega dostojanstva in enakih mo\u017enosti;<br \/>\u2022 spodbujajo socializacijo in kohezijo med \u0161portniki tako, da jim nudijo mo\u017enosti za ve\u010dje poznavanje, razumevanje in spo\u0161tovanje tudi med otroki druga\u010dnega kulturnega porekla<br \/>\u2022 skrbijo za rast vsakega \u0161portnika, ki jim je zaupan; izogibajo se vzbujanju nesorazmernih pri\u010dakovanj ali nesorazmernega ob\u010dutka neustreznosti pri \u0161portniku; izogibajo se obravnavanju mlaj\u0161ih \u0161portnikov kot majhnih odraslih; se zavedajo telesnih in psihi\u010dnih preobrazb, povezanih z dozorevanjem mladostnikov, in vpliva teh sprememb na \u0161portno uspe\u0161nost; <br \/>\u2022 \u010de trenirajo najmlaj\u0161e starostne skupine (do vklju\u010dno najmlaj\u0161e kategorije), da vsi igralci, ki so vpoklicani na tekme, sodelujejo na tekmi, s \u010dimer nagradijo zasluge, zavzetost in doslednost pri treningu z ve\u010djo prisotnostjo; <br \/>brez izgovorov in izjem se vzdr\u017eijo poni\u017eevanja, \u017ealjenja, ustrahovanja in psihi\u010dne prikraj\u0161anosti otrok, ki so jim zaupani, ter kakr\u0161negakoli nasilja; se brez izgovorov ali izjem vzdr\u017eijo kakr\u0161negakoli namigovanja, sklicevanja, predloga spolne narave. Brez poseganja v obveznost, ki obstaja tudi, \u010de do tega pride na pobudo samega \u0161portnika ali v vsakem primeru na na\u010din, ki ni odvisen od njihove volje, da o tem nemudoma poro\u010dajo upravnemu odboru; <br \/>\u2022 vzdr\u017eati se obrekovanja drugih trenerjev, mened\u017eerjev, \u0161portnikov, star\u0161ev, zveze in celo sebe; vzdr\u017eijo se kritiziranja do drugih trenerjev, vodstvenih delavcev, \u0161portnikov, star\u0161ev, pa tudi do kluba, v prisotnosti \u0161portnikov ali preko njim znanih komunikacijskih orodij; ne prevzemajo stali\u0161\u010d ali pobud, za katere so odgovorni vodje ali star\u0161i; <br \/>\u2022 vzdr\u017eijo se sprejemanja paternalisti\u010dnih, viktimisti\u010dnih, avtoritarnih odnosov ali na splo\u0161no, katerih cilj je narediti \u0161portnike psiholo\u0161ko odvisne od samih sebe;<br \/>\u2022 uporabljajo orodja za sodelovanje pri odlo\u010ditvah in dialogu, ki jih pripravlja TKO, da uveljavijo svoja opa\u017eanja in perspektive, ki se jim zdijo primerne za \u0161portnike, tudi z morebitnimi prestopi v druga podjetja ali spremembami v tehni\u010dnem vodstvu; vzdr\u017eevati na splo\u0161no vedenje.<\/p><p><strong>Eti\u010dna na\u010dela za managerje<\/strong><\/p><p><strong>Upravitelji:<\/strong><br \/>\u2022 vzdr\u017eevati in razvijati odnos zaupanja med vsemi komponentami TKO in z njimi ter preverjati, ali vsi \u010dlani izvajajo eti\u010dni kodeks;<br \/>\u2022 zagotoviti, da med \u0161portniki ne prihaja do diskriminacije na podlagi starosti, spola, zdravstvenega stanja, narodnosti, verskega prepri\u010danja;<br \/>\u2022 pri svojem delu upo\u0161tevajo merila spo\u0161tovanja, u\u010dinkovitosti, strokovnosti in transparentnosti <br \/>\u2022 spo\u0161tovati pravila in odlo\u010ditve Zvez ter sodnikov in sodnikov ter preverjati, da nih\u010de od tistih, ki so del TKO, ne izvaja dejanj, ki so v nasprotju s \u0161portno etiko, izobra\u017eevanjem in spo\u0161tovanjem drugih;<br \/>\u2022 vzdr\u017eijo se kritiziranja trenerjev, drugih vodstvenih delavcev, star\u0161ev, v prisotnosti \u0161portnikov in star\u0161ev ali prek njim znanih komunikacijskih orodij;<br \/>\u2022 ne prevzemajo stali\u0161\u010d ali pobud, ki so v pristojnosti trenerjev ali star\u0161ev;<br \/>\u2022 pripraviti ustrezna orodja za dialog in razpravo, tako da lahko TKOtr enerji, star\u0161i in \u0161portniki izrazijo svoja opa\u017eanja;<\/p><p><strong>Sankcije<\/strong><br \/>\u2022 Upravni odbor je odgovoren za nadzor, preiskavo in izrekanje sankcij v primeru huj\u0161ih kr\u0161itev eti\u010dnega kodeksa po posvetovanju z zainteresirano stranjo.<br \/>\u2022 Sankcije vklju\u010dujejo:<br \/>\u2022 opozorilo, za prvo kr\u0161itev,<br \/>\u2022 suspenz od najmanj enega do najve\u010d \u0161est mesecev, za drugo kr\u0161itev,<br \/>\u2022 izklju\u010ditev, ob tretji kr\u0161itvi, na katero bo \u010dlan lahko ukrepal na na\u010din, ki ga dolo\u010da statut.<\/p><p>Za\u010detek veljavnosti<\/p><p>\u2022 Ta eti\u010dni kodeks za\u010dne veljati 1. marca 2023.<\/p><p>Ljubljana, 15. februarja 2023, sestavil in odobril upravni odbor TKO.<\/p>\t\t\t\t\t<\/div>\n\t\t\t\t\t\t<\/div>\n\t\t\t\t<\/div>\n\t\t\t\t\t\t<\/div>\n\t\t\t\t\t<\/div>\n\t\t<\/div>\n\t\t\t\t\t\t\t\t<\/div>\n\t\t\t\t\t<\/div>\n\t\t<\/section>\n\t\t\t\t\t\t\t\t\t<\/div>\n\t\t\t<\/div>\n\t\t\t\t\t<\/div>\n\t\t","protected":false},"excerpt":{"rendered":"<p>Ta dokument dolo\u010da skupne vrednote, na\u010dela, in prepri\u010danja ter opisuje korake, ki bodo upo\u0161tevani pri izpolnjevanju na\u0161e zaveze za\u0161\u010dititi otroke. UVOD Na\u0161e vrednote, na\u010dela in prepri\u010danja: \u2022 Vsaka zloraba otrok vklju\u010duje pravico otrok \u2022 Vsi otroci imajo enake pravice do za\u0161\u010dite pred zlorabo in izkori\u0161\u010danjem. \u2022 Izbolj\u0161ati je treba polo\u017eaj vseh otrok s spodbujanjem njihovih&#8230;<\/p>\n","protected":false},"author":1,"featured_media":2038,"parent":0,"menu_order":0,"comment_status":"closed","ping_status":"closed","template":"","meta":[],"translation":{"provider":"WPGlobus","version":"2.12.2","language":"en","enabled_languages":["si","en"],"languages":{"si":{"title":true,"content":true,"excerpt":false},"en":{"title":false,"content":true,"excerpt":false}}},"_links":{"self":[{"href":"http:\/\/www.tenisklubolimpija.si\/en\/wp-json\/wp\/v2\/pages\/2851"}],"collection":[{"href":"http:\/\/www.tenisklubolimpija.si\/en\/wp-json\/wp\/v2\/pages"}],"about":[{"href":"http:\/\/www.tenisklubolimpija.si\/en\/wp-json\/wp\/v2\/types\/page"}],"author":[{"embeddable":true,"href":"http:\/\/www.tenisklubolimpija.si\/en\/wp-json\/wp\/v2\/users\/1"}],"replies":[{"embeddable":true,"href":"http:\/\/www.tenisklubolimpija.si\/en\/wp-json\/wp\/v2\/comments?post=2851"}],"version-history":[{"count":31,"href":"http:\/\/www.tenisklubolimpija.si\/en\/wp-json\/wp\/v2\/pages\/2851\/revisions"}],"predecessor-version":[{"id":2884,"href":"http:\/\/www.tenisklubolimpija.si\/en\/wp-json\/wp\/v2\/pages\/2851\/revisions\/2884"}],"wp:featuredmedia":[{"embeddable":true,"href":"http:\/\/www.tenisklubolimpija.si\/en\/wp-json\/wp\/v2\/media\/2038"}],"wp:attachment":[{"href":"http:\/\/www.tenisklubolimpija.si\/en\/wp-json\/wp\/v2\/media?parent=2851"}],"curies":[{"name":"wp","href":"https:\/\/api.w.org\/{rel}","templated":true}]}}